{"id":278,"date":"2022-01-04T09:34:56","date_gmt":"2022-01-04T09:34:56","guid":{"rendered":"https:\/\/ascension-program.com\/?page_id=278"},"modified":"2025-07-06T08:30:20","modified_gmt":"2025-07-06T08:30:20","slug":"politique-de-confidentialite","status":"publish","type":"page","link":"https:\/\/ascension-program.com\/pt\/politique-de-confidentialite\/","title":{"rendered":"Politique de Confidentialit\u00e9"},"content":{"rendered":"<h1>Pol\u00edtica de Privacidade<\/h1>\n\n\n\n<p>A prote\u00e7\u00e3o dos seus dados \u00e9 uma quest\u00e3o importante no nosso site. Aqui est\u00e1 tudo o que precisa de saber sobre a pol\u00edtica de privacidade do Programa Ascens\u00e3o.<\/p>\n\n\n\n<h2>Dados recolhidos<\/h2>\n\n\n\n<p>O seu endere\u00e7o de correio eletr\u00f3nico \u00e9 necess\u00e1rio para aceder aos conte\u00fados gratuitos oferecidos no s\u00edtio.<\/p>\n\n\n\n<p>Al\u00e9m disso, quando compra um servi\u00e7o no s\u00edtio, precisamos de saber o seu nome pr\u00f3prio, o seu apelido e as informa\u00e7\u00f5es necess\u00e1rias para o pagamento por cart\u00e3o de cr\u00e9dito, a fim de validar a sua transa\u00e7\u00e3o.<\/p>\n\n\n\n<h2>Prote\u00e7\u00e3o de dados<\/h2>\n\n\n\n<p>Respons\u00e1vel pela prote\u00e7\u00e3o de dados: Fabio Rebelo<\/p>\n\n\n\n<p>O s\u00edtio Web est\u00e1 protegido por um certificado de encripta\u00e7\u00e3o SSL.<\/p>\n\n\n\n<p>Al\u00e9m disso, todos os dados de transa\u00e7\u00e3o s\u00e3o encriptados e protegidos pelo processador de pagamentos Stripe utilizando o protocolo 3D Secure. Nenhum destes dados \u00e9 acess\u00edvel a nenhum dos administradores do s\u00edtio.<\/p>\n\n\n\n<p>Por \u00faltimo, quando se utiliza uma conta pessoal no s\u00edtio, qualquer palavra-passe introduzida \u00e9 igualmente encriptada para que apenas o utilizador em causa a possa conhecer.<\/p>\n\n\n\n<h2>Utiliza\u00e7\u00e3o dos dados<\/h2>\n\n\n\n<p>O objetivo dos e-mails recolhidos \u00e9 transmitir o conte\u00fado gratuito oferecido no s\u00edtio.<\/p>\n\n\n\n<p>Durante as transac\u00e7\u00f5es no s\u00edtio, o nome pr\u00f3prio e o apelido t\u00eam por objetivo confirmar a identidade do cliente, a fim de o proteger contra a usurpa\u00e7\u00e3o de identidade e de lhe dar pleno acesso aos servi\u00e7os facturados.<\/p>\n\n\n\n<p>Ocasionalmente, podem ser enviadas mensagens de correio eletr\u00f3nico para promover a cria\u00e7\u00e3o de novos conte\u00fados pagos ou gratuitos.<\/p>\n\n\n\n<p>Por \u00faltimo, trabalhamos em parceria com o Google Analytics, que mede a atividade dos visitantes do s\u00edtio. Estes dados permitem-nos medir o impacto da nossa estrat\u00e9gia de conte\u00fados e os efeitos das v\u00e1rias campanhas de marketing que realizamos.<\/p>\n\n\n\n<h2>Divulga\u00e7\u00e3o de dados a terceiros<\/h2>\n\n\n\n<p>Nenhum dado recolhido no site \u00e9 transmitido ou vendido a um site de terceiros. A sua utiliza\u00e7\u00e3o \u00e9 estritamente limitada \u00e0s opera\u00e7\u00f5es internas do Programa Ascens\u00e3o.<\/p>\n\n\n\n<h2>Utiliza\u00e7\u00e3o de cookies<\/h2>\n\n\n\n<p>Este s\u00edtio utiliza cookies para funcionar. O seu tempo de vida m\u00e1ximo \u00e9 de 12 meses ap\u00f3s a primeira coloca\u00e7\u00e3o no seu terminal. O tempo de vida dos cookies n\u00e3o \u00e9 prolongado em cada visita.<\/p>\n\n\n\n<p>Os cookies podem ser utilizados para fins estat\u00edsticos, nomeadamente para otimizar os servi\u00e7os prestados, com base no tratamento de informa\u00e7\u00f5es relativas \u00e0 frequ\u00eancia de acesso, \u00e0 personaliza\u00e7\u00e3o das p\u00e1ginas, \u00e0s opera\u00e7\u00f5es efectuadas e \u00e0s informa\u00e7\u00f5es consultadas. Podem tamb\u00e9m ser utilizados para fins publicit\u00e1rios, nomeadamente para lhe oferecer conte\u00fados direcionados em banners e inser\u00e7\u00f5es na Internet. Certas fun\u00e7\u00f5es do s\u00edtio, como os leitores de v\u00eddeo ou os conte\u00fados interactivos, podem recorrer a servi\u00e7os propostos por terceiros e depositar cookies que lhes permitam identificar a sua consulta dos conte\u00fados.<\/p>\n\n\n\n<p>Assim, o utilizador \u00e9 informado de que podemos utilizar cookies e autoriza-nos a faz\u00ea-lo clicando na faixa dedicada. Se n\u00e3o desejar que sejam utilizados cookies no seu terminal, a maioria dos programas de navega\u00e7\u00e3o permite-lhe desativar os cookies atrav\u00e9s das op\u00e7\u00f5es de configura\u00e7\u00e3o. No entanto, o utilizador \u00e9 informado de que determinados servi\u00e7os poder\u00e3o deixar de funcionar corretamente.<\/p>\n\n\n\n<h2>Quais s\u00e3o os seus direitos?<\/h2>\n\n\n\n<p>Tem o direito de aceder aos seus dados pessoais, de os corrigir ou apagar, de fazer perguntas, de limitar o tratamento dos seus dados, de os portar e de os mandar apagar, dentro dos limites fixados pela regulamenta\u00e7\u00e3o, nomeadamente o RGPD.<\/p>\n\n\n\n<p>Tem tamb\u00e9m o direito de se opor a qualquer momento, por motivos relacionados com a sua situa\u00e7\u00e3o particular, ao tratamento de dados pessoais cuja base jur\u00eddica seja o nosso interesse leg\u00edtimo, bem como o direito de se opor \u00e0 prospe\u00e7\u00e3o comercial, clicando na liga\u00e7\u00e3o de anula\u00e7\u00e3o da subscri\u00e7\u00e3o na newsletter.<\/p>\n\n\n\n<p>Os pedidos para exercer os seus direitos devem ser enviados por via eletr\u00f3nica. Tamb\u00e9m pode apresentar uma reclama\u00e7\u00e3o junto da autoridade de controlo e prote\u00e7\u00e3o de dados pessoais da sua jurisdi\u00e7\u00e3o.<\/p>\n\n\n\n<p>Para todos os efeitos, \u00e9 de notar que, uma vez exercido o direito de apagamento, de oposi\u00e7\u00e3o ao tratamento ou de retirada do consentimento, o bom funcionamento do s\u00edtio pode ser perturbado ou mesmo interrompido. Por exemplo, se estes direitos forem exercidos no momento da encomenda de servi\u00e7os, a referida encomenda n\u00e3o poder\u00e1 ser efectuada.<\/p>","protected":false},"excerpt":{"rendered":"<p>Politique de confidentialit\u00e9 La protection de vos donn\u00e9es constitue un enjeu majeur sur notre site. Voil\u00e0 tout ce qu&rsquo;il faut savoir sur la politique de confidentialit\u00e9 de l&rsquo;agence Ascension Program. Donn\u00e9es recueillies Votre email est requis afin d&rsquo;acc\u00e9der au contenu gratuit offert sur le site. De plus, lors de l&rsquo;achat d&rsquo;un service sur le site, [&#8230;]","protected":false},"author":1,"featured_media":0,"parent":0,"menu_order":0,"comment_status":"closed","ping_status":"closed","template":"","meta":[],"yoast_head":"<!-- This site is optimized with the Yoast SEO plugin v20.1 - https:\/\/yoast.com\/wordpress\/plugins\/seo\/ -->\n<title>Politique de Confidentialit\u00e9 - Ascension Program<\/title>\n<meta name=\"robots\" content=\"index, follow, max-snippet:-1, max-image-preview:large, max-video-preview:-1\" \/>\n<link rel=\"canonical\" href=\"https:\/\/ascension-program.com\/pt\/politique-de-confidentialite\/\" \/>\n<meta property=\"og:locale\" content=\"pt_PT\" \/>\n<meta property=\"og:type\" content=\"article\" \/>\n<meta property=\"og:title\" content=\"Politique de Confidentialit\u00e9 - Ascension Program\" \/>\n<meta property=\"og:description\" content=\"Politique de confidentialit\u00e9 La protection de vos donn\u00e9es constitue un enjeu majeur sur notre site. Voil\u00e0 tout ce qu&rsquo;il faut savoir sur la politique de confidentialit\u00e9 de l&rsquo;agence Ascension Program. Donn\u00e9es recueillies Votre email est requis afin d&rsquo;acc\u00e9der au contenu gratuit offert sur le site. De plus, lors de l&rsquo;achat d&rsquo;un service sur le site, [...]\" \/>\n<meta property=\"og:url\" content=\"https:\/\/ascension-program.com\/pt\/politique-de-confidentialite\/\" \/>\n<meta property=\"og:site_name\" content=\"Ascension Program\" \/>\n<meta property=\"article:modified_time\" content=\"2025-07-06T08:30:20+00:00\" \/>\n<meta name=\"twitter:card\" content=\"summary_large_image\" \/>\n<meta name=\"twitter:label1\" content=\"Tempo estimado de leitura\" \/>\n\t<meta name=\"twitter:data1\" content=\"4 minutos\" \/>\n<script type=\"application\/ld+json\" class=\"yoast-schema-graph\">{\"@context\":\"https:\/\/schema.org\",\"@graph\":[{\"@type\":\"WebPage\",\"@id\":\"https:\/\/ascension-program.com\/politique-de-confidentialite\/\",\"url\":\"https:\/\/ascension-program.com\/politique-de-confidentialite\/\",\"name\":\"Politique de Confidentialit\u00e9 - Ascension Program\",\"isPartOf\":{\"@id\":\"https:\/\/ascension-program.com\/#website\"},\"datePublished\":\"2022-01-04T09:34:56+00:00\",\"dateModified\":\"2025-07-06T08:30:20+00:00\",\"breadcrumb\":{\"@id\":\"https:\/\/ascension-program.com\/politique-de-confidentialite\/#breadcrumb\"},\"inLanguage\":\"pt-PT\",\"potentialAction\":[{\"@type\":\"ReadAction\",\"target\":[\"https:\/\/ascension-program.com\/politique-de-confidentialite\/\"]}]},{\"@type\":\"BreadcrumbList\",\"@id\":\"https:\/\/ascension-program.com\/politique-de-confidentialite\/#breadcrumb\",\"itemListElement\":[{\"@type\":\"ListItem\",\"position\":1,\"name\":\"Accueil\",\"item\":\"https:\/\/ascension-program.com\/\"},{\"@type\":\"ListItem\",\"position\":2,\"name\":\"Politique de Confidentialit\u00e9\"}]},{\"@type\":\"WebSite\",\"@id\":\"https:\/\/ascension-program.com\/#website\",\"url\":\"https:\/\/ascension-program.com\/\",\"name\":\"Ascension Program\",\"description\":\"Your story, beautifully told - Created with WordPress managed by IONOS\",\"potentialAction\":[{\"@type\":\"SearchAction\",\"target\":{\"@type\":\"EntryPoint\",\"urlTemplate\":\"https:\/\/ascension-program.com\/?s={search_term_string}\"},\"query-input\":\"required name=search_term_string\"}],\"inLanguage\":\"pt-PT\"}]}<\/script>\n<!-- \/ Yoast SEO plugin. -->","yoast_head_json":{"title":"Politique de Confidentialit\u00e9 - Ascension Program","robots":{"index":"index","follow":"follow","max-snippet":"max-snippet:-1","max-image-preview":"max-image-preview:large","max-video-preview":"max-video-preview:-1"},"canonical":"https:\/\/ascension-program.com\/pt\/politique-de-confidentialite\/","og_locale":"pt_PT","og_type":"article","og_title":"Politique de Confidentialit\u00e9 - Ascension Program","og_description":"Politique de confidentialit\u00e9 La protection de vos donn\u00e9es constitue un enjeu majeur sur notre site. Voil\u00e0 tout ce qu&rsquo;il faut savoir sur la politique de confidentialit\u00e9 de l&rsquo;agence Ascension Program. Donn\u00e9es recueillies Votre email est requis afin d&rsquo;acc\u00e9der au contenu gratuit offert sur le site. De plus, lors de l&rsquo;achat d&rsquo;un service sur le site, [...]","og_url":"https:\/\/ascension-program.com\/pt\/politique-de-confidentialite\/","og_site_name":"Ascension Program","article_modified_time":"2025-07-06T08:30:20+00:00","twitter_card":"summary_large_image","twitter_misc":{"Tempo estimado de leitura":"4 minutos"},"schema":{"@context":"https:\/\/schema.org","@graph":[{"@type":"WebPage","@id":"https:\/\/ascension-program.com\/politique-de-confidentialite\/","url":"https:\/\/ascension-program.com\/politique-de-confidentialite\/","name":"Politique de Confidentialit\u00e9 - Ascension Program","isPartOf":{"@id":"https:\/\/ascension-program.com\/#website"},"datePublished":"2022-01-04T09:34:56+00:00","dateModified":"2025-07-06T08:30:20+00:00","breadcrumb":{"@id":"https:\/\/ascension-program.com\/politique-de-confidentialite\/#breadcrumb"},"inLanguage":"pt-PT","potentialAction":[{"@type":"ReadAction","target":["https:\/\/ascension-program.com\/politique-de-confidentialite\/"]}]},{"@type":"BreadcrumbList","@id":"https:\/\/ascension-program.com\/politique-de-confidentialite\/#breadcrumb","itemListElement":[{"@type":"ListItem","position":1,"name":"Accueil","item":"https:\/\/ascension-program.com\/"},{"@type":"ListItem","position":2,"name":"Politique de Confidentialit\u00e9"}]},{"@type":"WebSite","@id":"https:\/\/ascension-program.com\/#website","url":"https:\/\/ascension-program.com\/","name":"Ascension Program","description":"Your story, beautifully told - Created with WordPress managed by IONOS","potentialAction":[{"@type":"SearchAction","target":{"@type":"EntryPoint","urlTemplate":"https:\/\/ascension-program.com\/?s={search_term_string}"},"query-input":"required name=search_term_string"}],"inLanguage":"pt-PT"}]}},"_links":{"self":[{"href":"https:\/\/ascension-program.com\/pt\/wp-json\/wp\/v2\/pages\/278"}],"collection":[{"href":"https:\/\/ascension-program.com\/pt\/wp-json\/wp\/v2\/pages"}],"about":[{"href":"https:\/\/ascension-program.com\/pt\/wp-json\/wp\/v2\/types\/page"}],"author":[{"embeddable":true,"href":"https:\/\/ascension-program.com\/pt\/wp-json\/wp\/v2\/users\/1"}],"replies":[{"embeddable":true,"href":"https:\/\/ascension-program.com\/pt\/wp-json\/wp\/v2\/comments?post=278"}],"version-history":[{"count":9,"href":"https:\/\/ascension-program.com\/pt\/wp-json\/wp\/v2\/pages\/278\/revisions"}],"predecessor-version":[{"id":13045,"href":"https:\/\/ascension-program.com\/pt\/wp-json\/wp\/v2\/pages\/278\/revisions\/13045"}],"wp:attachment":[{"href":"https:\/\/ascension-program.com\/pt\/wp-json\/wp\/v2\/media?parent=278"}],"curies":[{"name":"wp","href":"https:\/\/api.w.org\/{rel}","templated":true}]}}