{"id":282,"date":"2022-01-04T09:38:53","date_gmt":"2022-01-04T09:38:53","guid":{"rendered":"https:\/\/ascension-program.com\/?page_id=282"},"modified":"2025-12-03T07:49:43","modified_gmt":"2025-12-03T07:49:43","slug":"mentions-legales","status":"publish","type":"page","link":"https:\/\/ascension-program.com\/pt\/mentions-legales\/","title":{"rendered":"Mentions L\u00e9gales"},"content":{"rendered":"<h1>Aviso legal<\/h1>\n\n\n\n<h2>Identifica\u00e7\u00e3o do editor e da sede social<\/h2>\n\n\n\n<p>ASCENSION PROGRAM<br>Domiciliado em Portugal<br>N\u00famero de identifica\u00e7\u00e3o civil: 14948798<br>Presidido por : F\u00e1bio Rebelo<br>Diretor da publica\u00e7\u00e3o: F\u00e1bio Rebelo<\/p>\n\n\n\n<h2>Hospedagem do site<\/h2>\n\n\n\n<p class=\"translation-block\">1&amp;1 IONOS SARL<br>7, place de la Gare BP 70109<br>57200 Sarreguemines C<\/p>\n\n\n\n\t<div id=\"gap-697507657\" class=\"gap-element clearfix\" style=\"display:block; height:auto;\">\n\t\t\n<style>\n#gap-697507657 {\n  padding-top: 500px;\n}\n<\/style>\n\t<\/div>","protected":false},"excerpt":{"rendered":"<p>Mentions l\u00e9gales Identification de l&rsquo;\u00e9diteur et si\u00e8ge social ASCENSION PROGRAMDomicili\u00e9e au PortugalNum\u00e9ro d&rsquo;identification civile : 14948798Pr\u00e9sid\u00e9e par : Fabio RebeloDirecteur de publication : Fabio Rebelo H\u00e9bergement du site 1&amp;1 IONOS SARL7, place de la Gare BP 7010957200 Sarreguemines C<\/p>","protected":false},"author":1,"featured_media":0,"parent":0,"menu_order":0,"comment_status":"closed","ping_status":"closed","template":"","meta":[],"yoast_head":"<!-- This site is optimized with the Yoast SEO plugin v20.1 - https:\/\/yoast.com\/wordpress\/plugins\/seo\/ -->\n<title>Mentions L\u00e9gales - Ascension Program<\/title>\n<meta name=\"robots\" content=\"index, follow, max-snippet:-1, max-image-preview:large, max-video-preview:-1\" \/>\n<link rel=\"canonical\" href=\"https:\/\/ascension-program.com\/pt\/mentions-legales\/\" \/>\n<meta property=\"og:locale\" content=\"pt_PT\" \/>\n<meta property=\"og:type\" content=\"article\" \/>\n<meta property=\"og:title\" content=\"Mentions L\u00e9gales - Ascension Program\" \/>\n<meta property=\"og:description\" content=\"Mentions l\u00e9gales Identification de l&rsquo;\u00e9diteur et si\u00e8ge social ASCENSION PROGRAMDomicili\u00e9e au PortugalNum\u00e9ro d&rsquo;identification civile : 14948798Pr\u00e9sid\u00e9e par : Fabio RebeloDirecteur de publication : Fabio Rebelo H\u00e9bergement du site 1&amp;1 IONOS SARL7, place de la Gare BP 7010957200 Sarreguemines C\" \/>\n<meta property=\"og:url\" content=\"https:\/\/ascension-program.com\/pt\/mentions-legales\/\" \/>\n<meta property=\"og:site_name\" content=\"Ascension Program\" \/>\n<meta property=\"article:modified_time\" content=\"2025-12-03T07:49:43+00:00\" \/>\n<meta name=\"twitter:card\" content=\"summary_large_image\" \/>\n<meta name=\"twitter:label1\" content=\"Tempo estimado de leitura\" \/>\n\t<meta name=\"twitter:data1\" content=\"1 minuto\" \/>\n<script type=\"application\/ld+json\" class=\"yoast-schema-graph\">{\"@context\":\"https:\/\/schema.org\",\"@graph\":[{\"@type\":\"WebPage\",\"@id\":\"https:\/\/ascension-program.com\/mentions-legales\/\",\"url\":\"https:\/\/ascension-program.com\/mentions-legales\/\",\"name\":\"Mentions L\u00e9gales - Ascension Program\",\"isPartOf\":{\"@id\":\"https:\/\/ascension-program.com\/#website\"},\"datePublished\":\"2022-01-04T09:38:53+00:00\",\"dateModified\":\"2025-12-03T07:49:43+00:00\",\"breadcrumb\":{\"@id\":\"https:\/\/ascension-program.com\/mentions-legales\/#breadcrumb\"},\"inLanguage\":\"pt-PT\",\"potentialAction\":[{\"@type\":\"ReadAction\",\"target\":[\"https:\/\/ascension-program.com\/mentions-legales\/\"]}]},{\"@type\":\"BreadcrumbList\",\"@id\":\"https:\/\/ascension-program.com\/mentions-legales\/#breadcrumb\",\"itemListElement\":[{\"@type\":\"ListItem\",\"position\":1,\"name\":\"Accueil\",\"item\":\"https:\/\/ascension-program.com\/\"},{\"@type\":\"ListItem\",\"position\":2,\"name\":\"Mentions L\u00e9gales\"}]},{\"@type\":\"WebSite\",\"@id\":\"https:\/\/ascension-program.com\/#website\",\"url\":\"https:\/\/ascension-program.com\/\",\"name\":\"Ascension Program\",\"description\":\"Your story, beautifully told - Created with WordPress managed by IONOS\",\"potentialAction\":[{\"@type\":\"SearchAction\",\"target\":{\"@type\":\"EntryPoint\",\"urlTemplate\":\"https:\/\/ascension-program.com\/?s={search_term_string}\"},\"query-input\":\"required name=search_term_string\"}],\"inLanguage\":\"pt-PT\"}]}<\/script>\n<!-- \/ Yoast SEO plugin. -->","yoast_head_json":{"title":"Mentions L\u00e9gales - Ascension Program","robots":{"index":"index","follow":"follow","max-snippet":"max-snippet:-1","max-image-preview":"max-image-preview:large","max-video-preview":"max-video-preview:-1"},"canonical":"https:\/\/ascension-program.com\/pt\/mentions-legales\/","og_locale":"pt_PT","og_type":"article","og_title":"Mentions L\u00e9gales - Ascension Program","og_description":"Mentions l\u00e9gales Identification de l&rsquo;\u00e9diteur et si\u00e8ge social ASCENSION PROGRAMDomicili\u00e9e au PortugalNum\u00e9ro d&rsquo;identification civile : 14948798Pr\u00e9sid\u00e9e par : Fabio RebeloDirecteur de publication : Fabio Rebelo H\u00e9bergement du site 1&amp;1 IONOS SARL7, place de la Gare BP 7010957200 Sarreguemines C","og_url":"https:\/\/ascension-program.com\/pt\/mentions-legales\/","og_site_name":"Ascension Program","article_modified_time":"2025-12-03T07:49:43+00:00","twitter_card":"summary_large_image","twitter_misc":{"Tempo estimado de leitura":"1 minuto"},"schema":{"@context":"https:\/\/schema.org","@graph":[{"@type":"WebPage","@id":"https:\/\/ascension-program.com\/mentions-legales\/","url":"https:\/\/ascension-program.com\/mentions-legales\/","name":"Mentions L\u00e9gales - Ascension Program","isPartOf":{"@id":"https:\/\/ascension-program.com\/#website"},"datePublished":"2022-01-04T09:38:53+00:00","dateModified":"2025-12-03T07:49:43+00:00","breadcrumb":{"@id":"https:\/\/ascension-program.com\/mentions-legales\/#breadcrumb"},"inLanguage":"pt-PT","potentialAction":[{"@type":"ReadAction","target":["https:\/\/ascension-program.com\/mentions-legales\/"]}]},{"@type":"BreadcrumbList","@id":"https:\/\/ascension-program.com\/mentions-legales\/#breadcrumb","itemListElement":[{"@type":"ListItem","position":1,"name":"Accueil","item":"https:\/\/ascension-program.com\/"},{"@type":"ListItem","position":2,"name":"Mentions L\u00e9gales"}]},{"@type":"WebSite","@id":"https:\/\/ascension-program.com\/#website","url":"https:\/\/ascension-program.com\/","name":"Ascension Program","description":"Your story, beautifully told - Created with WordPress managed by IONOS","potentialAction":[{"@type":"SearchAction","target":{"@type":"EntryPoint","urlTemplate":"https:\/\/ascension-program.com\/?s={search_term_string}"},"query-input":"required name=search_term_string"}],"inLanguage":"pt-PT"}]}},"_links":{"self":[{"href":"https:\/\/ascension-program.com\/pt\/wp-json\/wp\/v2\/pages\/282"}],"collection":[{"href":"https:\/\/ascension-program.com\/pt\/wp-json\/wp\/v2\/pages"}],"about":[{"href":"https:\/\/ascension-program.com\/pt\/wp-json\/wp\/v2\/types\/page"}],"author":[{"embeddable":true,"href":"https:\/\/ascension-program.com\/pt\/wp-json\/wp\/v2\/users\/1"}],"replies":[{"embeddable":true,"href":"https:\/\/ascension-program.com\/pt\/wp-json\/wp\/v2\/comments?post=282"}],"version-history":[{"count":41,"href":"https:\/\/ascension-program.com\/pt\/wp-json\/wp\/v2\/pages\/282\/revisions"}],"predecessor-version":[{"id":13377,"href":"https:\/\/ascension-program.com\/pt\/wp-json\/wp\/v2\/pages\/282\/revisions\/13377"}],"wp:attachment":[{"href":"https:\/\/ascension-program.com\/pt\/wp-json\/wp\/v2\/media?parent=282"}],"curies":[{"name":"wp","href":"https:\/\/api.w.org\/{rel}","templated":true}]}}