{"id":32,"date":"2016-08-09T14:21:14","date_gmt":"2016-08-09T14:21:14","guid":{"rendered":"http:\/\/flatsome.dev\/?page_id=8545"},"modified":"2025-12-08T07:33:47","modified_gmt":"2025-12-08T07:33:47","slug":"non-trouve","status":"publish","type":"page","link":"https:\/\/ascension-program.com\/pt\/elements\/pages\/non-trouve\/","title":{"rendered":"Maintenance &#8211; 404 Personnalis\u00e9"},"content":{"rendered":"<section class=\"section dark\" id=\"section_1586344039\">\n\t\t<div class=\"bg section-bg fill bg-fill  bg-loaded\" >\n\n\t\t\t\n\t\t\t<button class=\"scroll-for-more z-5 icon absolute bottom h-center\" aria-label=\"Scroll for more\"><i class=\"icon-angle-down\" style=\"font-size:42px;\"><\/i><\/button>\n\t\t\t\n\n\t\t<\/div>\n\n\t\t\n\n\t\t<div class=\"section-content relative\">\n\t\t\t\n\n<div class=\"row row-collapse\"  id=\"row-2039822009\">\n\n\n\t<div id=\"col-1938494326\" class=\"col small-12 large-12\"  >\n\t\t\t\t<div class=\"col-inner text-center\"  >\n\t\t\t\n\t\t\t\n\n<h2><span style=\"font-size: 500%;\">4\ud83e\udd164<\/span><\/h2>\n\n\t\t<\/div>\n\t\t\t\t\t<\/div>\n\n\t\n\n<\/div>\n\n\t\t<\/div>\n\n\t\t\n<style>\n#section_1586344039 {\n  padding-top: 80px;\n  padding-bottom: 80px;\n  background-color: rgb(49, 94, 134);\n}\n#section_1586344039 .ux-shape-divider--top svg {\n  height: 150px;\n  --divider-top-width: 100%;\n}\n#section_1586344039 .ux-shape-divider--bottom svg {\n  height: 150px;\n  --divider-width: 100%;\n}\n<\/style>\n\t<\/section>\n\t\n\t<section class=\"section\" id=\"section_548151055\">\n\t\t<div class=\"bg section-bg fill bg-fill  bg-loaded\" >\n\n\t\t\t\n\t\t\t\n\t\t\t\n\n\t\t<\/div>\n\n\t\t\n\n\t\t<div class=\"section-content relative\">\n\t\t\t\n\n<div class=\"row align-center\"  id=\"row-1862527631\">\n\n\n\t<div id=\"col-2031104537\" class=\"col medium-10 small-12 large-8\"  >\n\t\t\t\t<div class=\"col-inner text-center\"  >\n\t\t\t\n\t\t\t\n\n\t<div id=\"gap-1427537501\" class=\"gap-element clearfix\" style=\"display:block; height:auto;\">\n\t\t\n<style>\n#gap-1427537501 {\n  padding-top: 40px;\n}\n<\/style>\n\t<\/div>\n\t\n\n<h2>D\u00e9sol\u00e9, Page non trouv\u00e9.<\/h2>\n<p>Visite la <strong>Home Page<\/strong> en cliquant ci-dessous :<\/p>\n\t<div id=\"gap-310976713\" class=\"gap-element clearfix\" style=\"display:block; height:auto;\">\n\t\t\n<style>\n#gap-310976713 {\n  padding-top: 10px;\n}\n<\/style>\n\t<\/div>\n\t\n\n<a href=\"https:\/\/ascension-program.com\/pt\/\" target=\"_self\" class=\"button secondary\"  style=\"border-radius:4px;padding:10px 30px 10px 30px;\">\n  <i class=\"icon-angle-left\" ><\/i>  <span>HOME PAGE<\/span>\n  <\/a>\n\n\n\n\t\t<\/div>\n\t\t\t\t\t<\/div>\n\n\t\n\n<\/div>\n\n\t\t<\/div>\n\n\t\t\n<style>\n#section_548151055 {\n  padding-top: 60px;\n  padding-bottom: 60px;\n}\n#section_548151055 .ux-shape-divider--top svg {\n  height: 150px;\n  --divider-top-width: 100%;\n}\n#section_548151055 .ux-shape-divider--bottom svg {\n  height: 150px;\n  --divider-width: 100%;\n}\n<\/style>\n\t<\/section>","protected":false},"excerpt":{"rendered":"","protected":false},"author":1,"featured_media":0,"parent":52,"menu_order":0,"comment_status":"closed","ping_status":"closed","template":"page-blank-landingpage.php","meta":[],"yoast_head":"<!-- This site is optimized with the Yoast SEO plugin v20.1 - https:\/\/yoast.com\/wordpress\/plugins\/seo\/ -->\n<title>Maintenance - 404 Personnalis\u00e9 - Ascension Program<\/title>\n<meta name=\"robots\" content=\"index, follow, max-snippet:-1, max-image-preview:large, max-video-preview:-1\" \/>\n<link rel=\"canonical\" href=\"https:\/\/ascension-program.com\/pt\/elements\/pages\/non-trouve\/\" \/>\n<meta property=\"og:locale\" content=\"pt_PT\" \/>\n<meta property=\"og:type\" content=\"article\" \/>\n<meta property=\"og:title\" content=\"Maintenance - 404 Personnalis\u00e9 - Ascension Program\" \/>\n<meta property=\"og:url\" content=\"https:\/\/ascension-program.com\/pt\/elements\/pages\/non-trouve\/\" \/>\n<meta property=\"og:site_name\" content=\"Ascension Program\" \/>\n<meta property=\"article:modified_time\" content=\"2025-12-08T07:33:47+00:00\" \/>\n<meta name=\"twitter:card\" content=\"summary_large_image\" \/>\n<meta name=\"twitter:label1\" content=\"Tempo estimado de leitura\" \/>\n\t<meta name=\"twitter:data1\" content=\"1 minuto\" \/>\n<script type=\"application\/ld+json\" class=\"yoast-schema-graph\">{\"@context\":\"https:\/\/schema.org\",\"@graph\":[{\"@type\":\"WebPage\",\"@id\":\"https:\/\/ascension-program.com\/elements\/pages\/non-trouve\/\",\"url\":\"https:\/\/ascension-program.com\/elements\/pages\/non-trouve\/\",\"name\":\"Maintenance - 404 Personnalis\u00e9 - Ascension Program\",\"isPartOf\":{\"@id\":\"https:\/\/ascension-program.com\/#website\"},\"datePublished\":\"2016-08-09T14:21:14+00:00\",\"dateModified\":\"2025-12-08T07:33:47+00:00\",\"breadcrumb\":{\"@id\":\"https:\/\/ascension-program.com\/elements\/pages\/non-trouve\/#breadcrumb\"},\"inLanguage\":\"pt-PT\",\"potentialAction\":[{\"@type\":\"ReadAction\",\"target\":[\"https:\/\/ascension-program.com\/elements\/pages\/non-trouve\/\"]}]},{\"@type\":\"BreadcrumbList\",\"@id\":\"https:\/\/ascension-program.com\/elements\/pages\/non-trouve\/#breadcrumb\",\"itemListElement\":[{\"@type\":\"ListItem\",\"position\":1,\"name\":\"Accueil\",\"item\":\"https:\/\/ascension-program.com\/\"},{\"@type\":\"ListItem\",\"position\":2,\"name\":\"Elements\",\"item\":\"https:\/\/ascension-program.com\/?page_id=98\"},{\"@type\":\"ListItem\",\"position\":3,\"name\":\"Pages\",\"item\":\"https:\/\/ascension-program.com\/elements\/pages\/\"},{\"@type\":\"ListItem\",\"position\":4,\"name\":\"Maintenance &#8211; 404 Personnalis\u00e9\"}]},{\"@type\":\"WebSite\",\"@id\":\"https:\/\/ascension-program.com\/#website\",\"url\":\"https:\/\/ascension-program.com\/\",\"name\":\"Ascension Program\",\"description\":\"Your story, beautifully told - Created with WordPress managed by IONOS\",\"potentialAction\":[{\"@type\":\"SearchAction\",\"target\":{\"@type\":\"EntryPoint\",\"urlTemplate\":\"https:\/\/ascension-program.com\/?s={search_term_string}\"},\"query-input\":\"required name=search_term_string\"}],\"inLanguage\":\"pt-PT\"}]}<\/script>\n<!-- \/ Yoast SEO plugin. -->","yoast_head_json":{"title":"Maintenance - 404 Personnalis\u00e9 - Ascension Program","robots":{"index":"index","follow":"follow","max-snippet":"max-snippet:-1","max-image-preview":"max-image-preview:large","max-video-preview":"max-video-preview:-1"},"canonical":"https:\/\/ascension-program.com\/pt\/elements\/pages\/non-trouve\/","og_locale":"pt_PT","og_type":"article","og_title":"Maintenance - 404 Personnalis\u00e9 - Ascension Program","og_url":"https:\/\/ascension-program.com\/pt\/elements\/pages\/non-trouve\/","og_site_name":"Ascension Program","article_modified_time":"2025-12-08T07:33:47+00:00","twitter_card":"summary_large_image","twitter_misc":{"Tempo estimado de leitura":"1 minuto"},"schema":{"@context":"https:\/\/schema.org","@graph":[{"@type":"WebPage","@id":"https:\/\/ascension-program.com\/elements\/pages\/non-trouve\/","url":"https:\/\/ascension-program.com\/elements\/pages\/non-trouve\/","name":"Maintenance - 404 Personnalis\u00e9 - Ascension Program","isPartOf":{"@id":"https:\/\/ascension-program.com\/#website"},"datePublished":"2016-08-09T14:21:14+00:00","dateModified":"2025-12-08T07:33:47+00:00","breadcrumb":{"@id":"https:\/\/ascension-program.com\/elements\/pages\/non-trouve\/#breadcrumb"},"inLanguage":"pt-PT","potentialAction":[{"@type":"ReadAction","target":["https:\/\/ascension-program.com\/elements\/pages\/non-trouve\/"]}]},{"@type":"BreadcrumbList","@id":"https:\/\/ascension-program.com\/elements\/pages\/non-trouve\/#breadcrumb","itemListElement":[{"@type":"ListItem","position":1,"name":"Accueil","item":"https:\/\/ascension-program.com\/"},{"@type":"ListItem","position":2,"name":"Elements","item":"https:\/\/ascension-program.com\/?page_id=98"},{"@type":"ListItem","position":3,"name":"Pages","item":"https:\/\/ascension-program.com\/elements\/pages\/"},{"@type":"ListItem","position":4,"name":"Maintenance &#8211; 404 Personnalis\u00e9"}]},{"@type":"WebSite","@id":"https:\/\/ascension-program.com\/#website","url":"https:\/\/ascension-program.com\/","name":"Ascension Program","description":"Your story, beautifully told - Created with WordPress managed by IONOS","potentialAction":[{"@type":"SearchAction","target":{"@type":"EntryPoint","urlTemplate":"https:\/\/ascension-program.com\/?s={search_term_string}"},"query-input":"required name=search_term_string"}],"inLanguage":"pt-PT"}]}},"_links":{"self":[{"href":"https:\/\/ascension-program.com\/pt\/wp-json\/wp\/v2\/pages\/32"}],"collection":[{"href":"https:\/\/ascension-program.com\/pt\/wp-json\/wp\/v2\/pages"}],"about":[{"href":"https:\/\/ascension-program.com\/pt\/wp-json\/wp\/v2\/types\/page"}],"author":[{"embeddable":true,"href":"https:\/\/ascension-program.com\/pt\/wp-json\/wp\/v2\/users\/1"}],"replies":[{"embeddable":true,"href":"https:\/\/ascension-program.com\/pt\/wp-json\/wp\/v2\/comments?post=32"}],"version-history":[{"count":9,"href":"https:\/\/ascension-program.com\/pt\/wp-json\/wp\/v2\/pages\/32\/revisions"}],"predecessor-version":[{"id":13398,"href":"https:\/\/ascension-program.com\/pt\/wp-json\/wp\/v2\/pages\/32\/revisions\/13398"}],"up":[{"embeddable":true,"href":"https:\/\/ascension-program.com\/pt\/wp-json\/wp\/v2\/pages\/52"}],"wp:attachment":[{"href":"https:\/\/ascension-program.com\/pt\/wp-json\/wp\/v2\/media?parent=32"}],"curies":[{"name":"wp","href":"https:\/\/api.w.org\/{rel}","templated":true}]}}