{"id":55,"date":"2016-02-18T15:10:52","date_gmt":"2016-02-18T15:10:52","guid":{"rendered":"http:\/\/flatsome.dev\/?page_id=4041"},"modified":"2025-12-08T07:13:23","modified_gmt":"2025-12-08T07:13:23","slug":"simple-corporate","status":"publish","type":"page","link":"https:\/\/ascension-program.com\/pt\/","title":{"rendered":"Accueil"},"content":{"rendered":"<section class=\"section\" id=\"section_1080703738\">\n\t\t<div class=\"bg section-bg fill bg-fill  bg-loaded\" >\n\n\t\t\t\n\t\t\t\n\t\t\t\n\n\t\t<\/div>\n\n\t\t\n\n\t\t<div class=\"section-content relative\">\n\t\t\t\n\n<div class=\"row\"  id=\"row-164425691\">\n\n\n\t<div id=\"col-2005578587\" class=\"col medium-12 small-12 large-9\"  >\n\t\t\t\t<div class=\"col-inner dark\" style=\"background-color:rgb(49, 94, 134);\" >\n\t\t\t\n\t\t\t\n\n\t<div id=\"gap-958932800\" class=\"gap-element clearfix\" style=\"display:block; height:auto;\">\n\t\t\n<style>\n#gap-958932800 {\n  padding-top: 10px;\n}\n<\/style>\n\t<\/div>\n\t\n\n\t<div id=\"gap-836760053\" class=\"gap-element clearfix show-for-small\" style=\"display:block; height:auto;\">\n\t\t\n<style>\n#gap-836760053 {\n  padding-top: 50px;\n}\n@media (min-width:550px) {\n  #gap-836760053 {\n    padding-top: 30px;\n  }\n}\n<\/style>\n\t<\/div>\n\t\n\n\t<div id=\"text-3642919505\" class=\"text\">\n\t\t\n\n<h2>Maximizamos as suas vendas com o nosso acompanhamento estrat\u00e9gico em marketing<\/h2>\n\t\t\n<style>\n#text-3642919505 {\n  font-size: 1rem;\n  line-height: 1.1;\n  color: rgb(255, 255, 255);\n}\n#text-3642919505 > * {\n  color: rgb(255, 255, 255);\n}\n@media (min-width:550px) {\n  #text-3642919505 {\n    font-size: 1rem;\n  }\n}\n<\/style>\n\t<\/div>\n\t\n\t<div id=\"gap-1369724250\" class=\"gap-element clearfix\" style=\"display:block; height:auto;\">\n\t\t\n<style>\n#gap-1369724250 {\n  padding-top: 20px;\n}\n<\/style>\n\t<\/div>\n\t\n\n\t<div id=\"text-1237035573\" class=\"text\">\n\t\t\n\n<p>Melhore a sua atividade digital com o nosso\nacompanhamento personalizado.<\/p>\n\n\t\t\n<style>\n#text-1237035573 {\n  font-size: 1rem;\n}\n@media (min-width:550px) {\n  #text-1237035573 {\n    font-size: 1.1rem;\n  }\n}\n<\/style>\n\t<\/div>\n\t\n\t<div id=\"gap-2085590458\" class=\"gap-element clearfix\" style=\"display:block; height:auto;\">\n\t\t\n<style>\n#gap-2085590458 {\n  padding-top: 10px;\n}\n@media (min-width:550px) {\n  #gap-2085590458 {\n    padding-top: 30px;\n  }\n}\n<\/style>\n\t<\/div>\n\t\n\n\n\t\t<\/div>\n\t\t\t\t\n<style>\n#col-2005578587 > .col-inner {\n  padding: 0% 10% 15% 10%;\n}\n@media (min-width:550px) {\n  #col-2005578587 > .col-inner {\n    padding: 10% 10% 12% 10%;\n  }\n}\n@media (min-width:850px) {\n  #col-2005578587 > .col-inner {\n    padding: 15% 40% 15% 10%;\n  }\n}\n<\/style>\n\t<\/div>\n\n\t\n\n<\/div>\n<div class=\"row align-right\"  id=\"row-817509452\">\n\n\n\t<div id=\"col-481529287\" class=\"col medium-12 small-12 large-6\"  >\n\t\t\t\t<div class=\"col-inner\"  >\n\t\t\t\n\t\t\t\n\n\n  <div class=\"banner has-hover hide-for-medium\" id=\"banner-613562825\">\n          <div class=\"banner-inner fill\">\n        <div class=\"banner-bg fill\" >\n            <div class=\"bg fill bg-fill\"><\/div>\n                                    \n                    <\/div>\n\t\t\n        <div class=\"banner-layers container\">\n            <div class=\"fill banner-link\"><\/div>            \n\n   <div id=\"text-box-1904386505\" class=\"text-box banner-layer x50 md-x50 lg-x50 y50 md-y50 lg-y50 res-text\">\n                                <div class=\"text-box-content text dark\">\n              \n              <div class=\"text-inner text-center\">\n                  \n\n\n              <\/div>\n           <\/div>\n                            \n<style>\n#text-box-1904386505 {\n  width: 60%;\n}\n#text-box-1904386505 .text-box-content {\n  font-size: 100%;\n}\n<\/style>\n    <\/div>\n \n\n        <\/div>\n      <\/div>\n\n            \n<style>\n#banner-613562825 {\n  padding-top: 250px;\n  background-color: rgba(255, 255, 255, 0);\n}\n#banner-613562825 .ux-shape-divider--top svg {\n  height: 150px;\n  --divider-top-width: 100%;\n}\n#banner-613562825 .ux-shape-divider--bottom svg {\n  height: 150px;\n  --divider-width: 100%;\n}\n@media (min-width:550px) {\n  #banner-613562825 {\n    padding-top: 500px;\n  }\n}\n@media (min-width:850px) {\n  #banner-613562825 {\n    padding-top: 530px;\n  }\n}\n<\/style>\n  <\/div>\n\n\n\n\t\t<\/div>\n\t\t\t\t\n<style>\n#col-481529287 > .col-inner {\n  margin: -60px 0px 0px 0px;\n}\n@media (min-width:850px) {\n  #col-481529287 > .col-inner {\n    margin: -570px 0px 0px 0px;\n  }\n}\n<\/style>\n\t<\/div>\n\n\t\n\n<\/div>\n\n\t\t<\/div>\n\n\t\t\n<style>\n#section_1080703738 {\n  padding-top: 30px;\n  padding-bottom: 30px;\n}\n#section_1080703738 .ux-shape-divider--top svg {\n  height: 150px;\n  --divider-top-width: 100%;\n}\n#section_1080703738 .ux-shape-divider--bottom svg {\n  height: 150px;\n  --divider-width: 100%;\n}\n<\/style>\n\t<\/section>\n\t\n\t<section class=\"section\" id=\"section_2024062565\">\n\t\t<div class=\"bg section-bg fill bg-fill  bg-loaded\" >\n\n\t\t\t\n\t\t\t\n\t\t\t\n\n\t\t<\/div>\n\n\t\t\n\n\t\t<div class=\"section-content relative\">\n\t\t\t\n\n<div class=\"row align-middle\"  id=\"row-1185392963\">\n\n\n\t<div id=\"col-947134623\" class=\"col medium-12 small-12 large-6\"  >\n\t\t\t\t<div class=\"col-inner\"  >\n\t\t\t\n\t\t\t\n\n\n  <div class=\"banner has-hover\" id=\"banner-402706377\">\n          <div class=\"banner-inner fill\">\n        <div class=\"banner-bg fill\" >\n            <div class=\"bg fill bg-fill\"><\/div>\n                                    \n                    <\/div>\n\t\t\n        <div class=\"banner-layers container\">\n            <div class=\"fill banner-link\"><\/div>            \n\n   <div id=\"text-box-1075965023\" class=\"text-box banner-layer x50 md-x50 lg-x50 y50 md-y50 lg-y50 res-text\">\n                                <div class=\"text-box-content text dark\">\n              \n              <div class=\"text-inner text-center\">\n                  \n\n\n              <\/div>\n           <\/div>\n                            \n<style>\n#text-box-1075965023 {\n  width: 60%;\n}\n#text-box-1075965023 .text-box-content {\n  font-size: 100%;\n}\n<\/style>\n    <\/div>\n \n\n        <\/div>\n      <\/div>\n\n            \n<style>\n#banner-402706377 {\n  padding-top: 60%;\n  background-color: rgb(255, 255, 255);\n}\n#banner-402706377 .bg.bg-loaded {\n  background-image: url(https:\/\/ascension-program.com\/wp-content\/uploads\/2022\/02\/coaching-ascension-program-1-1400x700.jpg);\n}\n#banner-402706377 .bg {\n  background-position: 54% 53%;\n}\n#banner-402706377 .ux-shape-divider--top svg {\n  height: 150px;\n  --divider-top-width: 100%;\n}\n#banner-402706377 .ux-shape-divider--bottom svg {\n  height: 150px;\n  --divider-width: 100%;\n}\n@media (min-width:550px) {\n  #banner-402706377 {\n    padding-top: 75%;\n  }\n}\n@media (min-width:850px) {\n  #banner-402706377 {\n    padding-top: 50%;\n  }\n}\n<\/style>\n  <\/div>\n\n\n\n\t\t<\/div>\n\t\t\t\t\t<\/div>\n\n\t\n\n\t<div id=\"col-2141072667\" class=\"col medium-12 small-12 large-6\"  >\n\t\t\t\t<div class=\"col-inner\"  >\n\t\t\t\n\t\t\t\n\n\t<div id=\"gap-105917974\" class=\"gap-element clearfix\" style=\"display:block; height:auto;\">\n\t\t\n<style>\n#gap-105917974 {\n  padding-top: 10px;\n}\n@media (min-width:850px) {\n  #gap-105917974 {\n    padding-top: 30px;\n  }\n}\n<\/style>\n\t<\/div>\n\t\n\n\t<div id=\"text-2094661762\" class=\"text\">\n\t\t\n\n<h2>Sobre n\u00f3s<\/h2>\n\t\t\n<style>\n#text-2094661762 {\n  font-size: 1.05rem;\n}\n<\/style>\n\t<\/div>\n\t\n\t<div id=\"text-3043163007\" class=\"text\">\n\t\t\n\n<p>A nossa equipa formou-se atrav\u00e9s da pr\u00e1tica, criando desde 2018 v\u00e1rios projetos de e-commerce de sucesso. Com o tempo, aprofund\u00e1mos a nossa experi\u00eancia em marketing digital, passando a promover uma ampla variedade de produtos digitais a n\u00edvel internacional.<\/p>\n<p class=\"translation-block\">Ao adotar estrat\u00e9gias personalizadas e adaptadas ao seu mercado, a nossa equipa, com mais de <strong> 7 anos de experi\u00eancia em marketing digital<\/strong>, est\u00e1 pronta para ajud\u00e1-lo(a) a alcan\u00e7ar os seus objetivos.<\/p>\n\t\t\n<style>\n#text-3043163007 {\n  font-size: 1.1rem;\n}\n<\/style>\n\t<\/div>\n\t\n<a href=\"https:\/\/ascension-program.com\/pt\/contact\/\" target=\"_self\" class=\"button secondary lowercase expand\"  style=\"border-radius:10px;padding:7px 0px 7px 0px;\">\n    <span>CONTACTE-NOS<\/span>\n  <\/a>\n\n\n\n\t\t<\/div>\n\t\t\t\t\n<style>\n#col-2141072667 > .col-inner {\n  padding: 0px 0px 0px 0;\n}\n@media (min-width:850px) {\n  #col-2141072667 > .col-inner {\n    padding: 0px 0px 0px 10%;\n  }\n}\n<\/style>\n\t<\/div>\n\n\t\n\n<\/div>\n\n\t\t<\/div>\n\n\t\t\n<style>\n#section_2024062565 {\n  padding-top: 40px;\n  padding-bottom: 40px;\n}\n#section_2024062565 .ux-shape-divider--top svg {\n  height: 150px;\n  --divider-top-width: 100%;\n}\n#section_2024062565 .ux-shape-divider--bottom svg {\n  height: 150px;\n  --divider-width: 100%;\n}\n@media (min-width:850px) {\n  #section_2024062565 {\n    padding-top: 0px;\n    padding-bottom: 0px;\n  }\n}\n<\/style>\n\t<\/section>\n\t\n\t<section class=\"section\" id=\"section_365932215\">\n\t\t<div class=\"bg section-bg fill bg-fill  bg-loaded\" >\n\n\t\t\t\n\t\t\t\n\t\t\t\n\n\t\t<\/div>\n\n\t\t\n\n\t\t<div class=\"section-content relative\">\n\t\t\t\n\n<div class=\"row align-middle\"  id=\"row-1827663940\">\n\n\n\t<div id=\"col-1517041374\" class=\"col medium-12 small-12 large-6\"  >\n\t\t\t\t<div class=\"col-inner\"  >\n\t\t\t\n\t\t\t\n\n\t<div id=\"gap-403723711\" class=\"gap-element clearfix\" style=\"display:block; height:auto;\">\n\t\t\n<style>\n#gap-403723711 {\n  padding-top: 10px;\n}\n@media (min-width:850px) {\n  #gap-403723711 {\n    padding-top: 30px;\n  }\n}\n<\/style>\n\t<\/div>\n\t\n\n\t<div id=\"text-1912967050\" class=\"text\">\n\t\t\n\n<h2>Nosso compromisso<\/h2>\n\t\t\n<style>\n#text-1912967050 {\n  font-size: 1.05rem;\n}\n<\/style>\n\t<\/div>\n\t\n\t<div id=\"text-3157954183\" class=\"text\">\n\t\t\n\n<p data-pm-slice=\"1 1 &#091;&#093;\" class=\"translation-block\">Ajudar aqueles que desejam melhorar o seu desempenho e as suas <strong>vendas digitais<\/strong>.<\/p>\n\t\t\n<style>\n#text-3157954183 {\n  font-size: 1.1rem;\n}\n<\/style>\n\t<\/div>\n\t\n<a href=\"https:\/\/ascension-program.com\/pt\/coaching-personnalise\/\" target=\"_self\" class=\"button secondary lowercase expand\"  style=\"border-radius:10px;padding:7px 0px 7px 0px;\">\n    <span>SAIBA MAIS<\/span>\n  <\/a>\n\n\n\n\t\t<\/div>\n\t\t\t\t\n<style>\n#col-1517041374 > .col-inner {\n  padding: 0px 0px 0px 0;\n}\n@media (min-width:850px) {\n  #col-1517041374 > .col-inner {\n    padding: 0px 0px 0px 10%;\n  }\n}\n<\/style>\n\t<\/div>\n\n\t\n\n\t<div id=\"col-1056916624\" class=\"col medium-12 small-12 large-6\"  >\n\t\t\t\t<div class=\"col-inner\"  >\n\t\t\t\n\t\t\t\n\n\n  <div class=\"banner has-hover\" id=\"banner-1949844504\">\n          <div class=\"banner-inner fill\">\n        <div class=\"banner-bg fill\" >\n            <div class=\"bg fill bg-fill\"><\/div>\n                                    \n                    <\/div>\n\t\t\n        <div class=\"banner-layers container\">\n            <div class=\"fill banner-link\"><\/div>            \n\n   <div id=\"text-box-2086881685\" class=\"text-box banner-layer x50 md-x50 lg-x50 y50 md-y50 lg-y50 res-text\">\n                                <div class=\"text-box-content text dark\">\n              \n              <div class=\"text-inner text-center\">\n                  \n\n\n              <\/div>\n           <\/div>\n                            \n<style>\n#text-box-2086881685 {\n  width: 60%;\n}\n#text-box-2086881685 .text-box-content {\n  font-size: 100%;\n}\n<\/style>\n    <\/div>\n \n\n        <\/div>\n      <\/div>\n\n            \n<style>\n#banner-1949844504 {\n  padding-top: 85%;\n  background-color: rgb(255, 255, 255);\n}\n#banner-1949844504 .bg.bg-loaded {\n  background-image: url(https:\/\/ascension-program.com\/wp-content\/uploads\/2024\/04\/Blog-Marketing.jpeg);\n}\n#banner-1949844504 .bg {\n  background-position: 54% 20%;\n}\n#banner-1949844504 .ux-shape-divider--top svg {\n  height: 150px;\n  --divider-top-width: 100%;\n}\n#banner-1949844504 .ux-shape-divider--bottom svg {\n  height: 150px;\n  --divider-width: 100%;\n}\n@media (min-width:550px) {\n  #banner-1949844504 {\n    padding-top: 75%;\n  }\n}\n@media (min-width:850px) {\n  #banner-1949844504 {\n    padding-top: 85%;\n  }\n}\n<\/style>\n  <\/div>\n\n\n\n\t\t<\/div>\n\t\t\t\t\t<\/div>\n\n\t\n\n<\/div>\n\n\t\t<\/div>\n\n\t\t\n<style>\n#section_365932215 {\n  padding-top: 0px;\n  padding-bottom: 0px;\n}\n#section_365932215 .ux-shape-divider--top svg {\n  height: 150px;\n  --divider-top-width: 100%;\n}\n#section_365932215 .ux-shape-divider--bottom svg {\n  height: 150px;\n  --divider-width: 100%;\n}\n@media (min-width:550px) {\n  #section_365932215 {\n    padding-top: 40px;\n    padding-bottom: 40px;\n  }\n}\n@media (min-width:850px) {\n  #section_365932215 {\n    padding-top: 0px;\n    padding-bottom: 0px;\n  }\n}\n<\/style>\n\t<\/section>\n\t\n\t<div id=\"gap-1896607847\" class=\"gap-element clearfix\" style=\"display:block; height:auto;\">\n\t\t\n<style>\n#gap-1896607847 {\n  padding-top: 20px;\n}\n<\/style>\n\t<\/div>\n\t\n\n\t<div id=\"gap-1560831090\" class=\"gap-element clearfix\" style=\"display:block; height:auto;\">\n\t\t\n<style>\n#gap-1560831090 {\n  padding-top: 50px;\n}\n@media (min-width:550px) {\n  #gap-1560831090 {\n    padding-top: 100px;\n  }\n}\n<\/style>\n\t<\/div>\n\t\n\n\n\n\t<section class=\"section\" id=\"section_1804973039\">\n\t\t<div class=\"bg section-bg fill bg-fill  bg-loaded\" >\n\n\t\t\t\n\t\t\t\n\t\t\t\n\n\t\t<\/div>\n\n\t\t\n\n\t\t<div class=\"section-content relative\">\n\t\t\t\n\n<div class=\"row\"  id=\"row-403015150\">\n\n\n\t<div id=\"col-482617582\" class=\"col medium-2 small-4 large-2\"  >\n\t\t\t\t<div class=\"col-inner\"  >\n\t\t\t\n\t\t\t\n\n\t<div class=\"img has-hover x md-x lg-x y md-y lg-y\" id=\"image_596296228\">\n\t\t\t\t\t\t\t\t<div class=\"img-inner image-overlay-remove-50 dark\" >\n\t\t\t<img width=\"1020\" height=\"522\" src=\"https:\/\/ascension-program.com\/wp-content\/uploads\/2022\/01\/developpeur-web-formation-en-ligne-e1657608350816-1400x716.png\" class=\"attachment-large size-large\" alt=\"creation-de-site-web-en-ligne\" decoding=\"async\" loading=\"lazy\" srcset=\"https:\/\/ascension-program.com\/wp-content\/uploads\/2022\/01\/developpeur-web-formation-en-ligne-e1657608350816-1400x716.png 1400w, https:\/\/ascension-program.com\/wp-content\/uploads\/2022\/01\/developpeur-web-formation-en-ligne-e1657608350816-782x400.png 782w, https:\/\/ascension-program.com\/wp-content\/uploads\/2022\/01\/developpeur-web-formation-en-ligne-e1657608350816-768x393.png 768w, https:\/\/ascension-program.com\/wp-content\/uploads\/2022\/01\/developpeur-web-formation-en-ligne-e1657608350816-600x307.png 600w, https:\/\/ascension-program.com\/wp-content\/uploads\/2022\/01\/developpeur-web-formation-en-ligne-e1657608350816.png 1506w\" sizes=\"(max-width: 1020px) 100vw, 1020px\" \/>\t\t\t\t\t\t\n\t\t\t\t\t<\/div>\n\t\t\t\t\t\t\t\t\n<style>\n#image_596296228 {\n  width: 100%;\n}\n<\/style>\n\t<\/div>\n\t\n\n\n\t\t<\/div>\n\t\t\t\t\t<\/div>\n\n\t\n\n\t<div id=\"col-272499857\" class=\"col medium-2 small-4 large-2\"  >\n\t\t\t\t<div class=\"col-inner\"  >\n\t\t\t\n\t\t\t\n\n\t<div class=\"img has-hover x md-x lg-x y md-y lg-y\" id=\"image_1809677039\">\n\t\t\t\t\t\t\t\t<div class=\"img-inner image-overlay-remove-50 dark\" >\n\t\t\t<img width=\"1020\" height=\"409\" src=\"https:\/\/ascension-program.com\/wp-content\/uploads\/2022\/01\/seo-formation-1400x562.png\" class=\"attachment-large size-large\" alt=\"formation-seo\" decoding=\"async\" loading=\"lazy\" srcset=\"https:\/\/ascension-program.com\/wp-content\/uploads\/2022\/01\/seo-formation-1400x562.png 1400w, https:\/\/ascension-program.com\/wp-content\/uploads\/2022\/01\/seo-formation-800x321.png 800w, https:\/\/ascension-program.com\/wp-content\/uploads\/2022\/01\/seo-formation-768x308.png 768w, https:\/\/ascension-program.com\/wp-content\/uploads\/2022\/01\/seo-formation-1536x617.png 1536w, https:\/\/ascension-program.com\/wp-content\/uploads\/2022\/01\/seo-formation-600x241.png 600w, https:\/\/ascension-program.com\/wp-content\/uploads\/2022\/01\/seo-formation.png 1938w\" sizes=\"(max-width: 1020px) 100vw, 1020px\" \/>\t\t\t\t\t\t\n\t\t\t\t\t<\/div>\n\t\t\t\t\t\t\t\t\n<style>\n#image_1809677039 {\n  width: 100%;\n}\n<\/style>\n\t<\/div>\n\t\n\n\n\t\t<\/div>\n\t\t\t\t\t<\/div>\n\n\t\n\n\t<div id=\"col-162773574\" class=\"col medium-2 small-4 large-2\"  >\n\t\t\t\t<div class=\"col-inner\"  >\n\t\t\t\n\t\t\t\n\n\t<div class=\"img has-hover x md-x lg-x y md-y lg-y\" id=\"image_1181653895\">\n\t\t<a class=\"\" href=\"#\"  >\t\t\t\t\t\t<div class=\"img-inner image-overlay-remove-50 dark\" >\n\t\t\t<img width=\"450\" height=\"253\" src=\"https:\/\/ascension-program.com\/wp-content\/uploads\/2025\/01\/Google-Ads-E-commerce.png\" class=\"attachment-original size-original\" alt=\"Google-Ads-E-commerce\" decoding=\"async\" loading=\"lazy\" \/>\t\t\t\t\t\t\n\t\t\t\t\t<\/div>\n\t\t\t\t\t\t<\/a>\t\t\n<style>\n#image_1181653895 {\n  width: 90%;\n}\n<\/style>\n\t<\/div>\n\t\n\n\n\t\t<\/div>\n\t\t\t\t\t<\/div>\n\n\t\n\n\t<div id=\"col-1573271877\" class=\"col medium-2 small-4 large-2\"  >\n\t\t\t\t<div class=\"col-inner\"  >\n\t\t\t\n\t\t\t\n\n\t<div class=\"img has-hover x md-x lg-x y md-y lg-y\" id=\"image_941685854\">\n\t\t\t\t\t\t\t\t<div class=\"img-inner image-overlay-remove-50 dark\" >\n\t\t\t<img width=\"450\" height=\"253\" src=\"https:\/\/ascension-program.com\/wp-content\/uploads\/2024\/12\/Facebook-Ads-E-commerce.png\" class=\"attachment-large size-large\" alt=\"Facebook-Ads-E-commerce\" decoding=\"async\" loading=\"lazy\" \/>\t\t\t\t\t\t\n\t\t\t\t\t<\/div>\n\t\t\t\t\t\t\t\t\n<style>\n#image_941685854 {\n  width: 90%;\n}\n<\/style>\n\t<\/div>\n\t\n\n\n\t\t<\/div>\n\t\t\t\t\t<\/div>\n\n\t\n\n\t<div id=\"col-1846515769\" class=\"col medium-2 small-4 large-2\"  >\n\t\t\t\t<div class=\"col-inner\"  >\n\t\t\t\n\t\t\t\n\n\t<div class=\"img has-hover x md-x lg-x y md-y lg-y\" id=\"image_1192940300\">\n\t\t\t\t\t\t\t\t<div class=\"img-inner image-overlay-remove-50 dark\" >\n\t\t\t<img width=\"1020\" height=\"409\" src=\"https:\/\/ascension-program.com\/wp-content\/uploads\/2022\/01\/shopify-formation-2-1400x562.png\" class=\"attachment-large size-large\" alt=\"shopify-formation\" decoding=\"async\" loading=\"lazy\" srcset=\"https:\/\/ascension-program.com\/wp-content\/uploads\/2022\/01\/shopify-formation-2-1400x562.png 1400w, https:\/\/ascension-program.com\/wp-content\/uploads\/2022\/01\/shopify-formation-2-800x321.png 800w, https:\/\/ascension-program.com\/wp-content\/uploads\/2022\/01\/shopify-formation-2-768x308.png 768w, https:\/\/ascension-program.com\/wp-content\/uploads\/2022\/01\/shopify-formation-2-1536x617.png 1536w, https:\/\/ascension-program.com\/wp-content\/uploads\/2022\/01\/shopify-formation-2-600x241.png 600w, https:\/\/ascension-program.com\/wp-content\/uploads\/2022\/01\/shopify-formation-2.png 1938w\" sizes=\"(max-width: 1020px) 100vw, 1020px\" \/>\t\t\t\t\t\t\n\t\t\t\t\t<\/div>\n\t\t\t\t\t\t\t\t\n<style>\n#image_1192940300 {\n  width: 100%;\n}\n<\/style>\n\t<\/div>\n\t\n\n\n\t\t<\/div>\n\t\t\t\t\t<\/div>\n\n\t\n\n\t<div id=\"col-1195071999\" class=\"col medium-2 small-4 large-2\"  >\n\t\t\t\t<div class=\"col-inner\"  >\n\t\t\t\n\t\t\t\n\n\t<div class=\"img has-hover x md-x lg-x y md-y lg-y\" id=\"image_2133576939\">\n\t\t\t\t\t\t\t\t<div class=\"img-inner image-overlay-remove-50 dark\" >\n\t\t\t<img width=\"1938\" height=\"778\" src=\"https:\/\/ascension-program.com\/wp-content\/uploads\/2022\/01\/woocommerce-formation-2.png\" class=\"attachment-original size-original\" alt=\"woocommerce-formation\" decoding=\"async\" loading=\"lazy\" srcset=\"https:\/\/ascension-program.com\/wp-content\/uploads\/2022\/01\/woocommerce-formation-2.png 1938w, https:\/\/ascension-program.com\/wp-content\/uploads\/2022\/01\/woocommerce-formation-2-800x321.png 800w, https:\/\/ascension-program.com\/wp-content\/uploads\/2022\/01\/woocommerce-formation-2-1400x562.png 1400w, https:\/\/ascension-program.com\/wp-content\/uploads\/2022\/01\/woocommerce-formation-2-768x308.png 768w, https:\/\/ascension-program.com\/wp-content\/uploads\/2022\/01\/woocommerce-formation-2-1536x617.png 1536w, https:\/\/ascension-program.com\/wp-content\/uploads\/2022\/01\/woocommerce-formation-2-600x241.png 600w\" sizes=\"(max-width: 1938px) 100vw, 1938px\" \/>\t\t\t\t\t\t\n\t\t\t\t\t<\/div>\n\t\t\t\t\t\t\t\t\n<style>\n#image_2133576939 {\n  width: 100%;\n}\n<\/style>\n\t<\/div>\n\t\n\n\n\t\t<\/div>\n\t\t\t\t\t<\/div>\n\n\t\n\n<\/div>\n\n\t\t<\/div>\n\n\t\t\n<style>\n#section_1804973039 {\n  padding-top: 0px;\n  padding-bottom: 0px;\n}\n#section_1804973039 .ux-shape-divider--top svg {\n  height: 150px;\n  --divider-top-width: 100%;\n}\n#section_1804973039 .ux-shape-divider--bottom svg {\n  height: 150px;\n  --divider-width: 100%;\n}\n@media (min-width:550px) {\n  #section_1804973039 {\n    padding-top: 10px;\n    padding-bottom: 10px;\n  }\n}\n<\/style>\n\t<\/section>","protected":false},"excerpt":{"rendered":"","protected":false},"author":1,"featured_media":17,"parent":0,"menu_order":1,"comment_status":"closed","ping_status":"closed","template":"page-blank.php","meta":[],"yoast_head":"<!-- This site is optimized with the Yoast SEO plugin v20.1 - https:\/\/yoast.com\/wordpress\/plugins\/seo\/ -->\n<title>Accueil - Ascension Program<\/title>\n<meta name=\"robots\" content=\"index, follow, max-snippet:-1, max-image-preview:large, max-video-preview:-1\" \/>\n<link rel=\"canonical\" href=\"https:\/\/ascension-program.com\/pt\/\" \/>\n<meta property=\"og:locale\" content=\"pt_PT\" \/>\n<meta property=\"og:type\" content=\"article\" \/>\n<meta property=\"og:title\" content=\"Accueil - Ascension Program\" \/>\n<meta property=\"og:url\" content=\"https:\/\/ascension-program.com\/pt\/\" \/>\n<meta property=\"og:site_name\" content=\"Ascension Program\" \/>\n<meta property=\"article:modified_time\" content=\"2025-12-08T07:13:23+00:00\" \/>\n<meta property=\"og:image\" content=\"https:\/\/ascension-program.com\/wp-content\/uploads\/2016\/08\/dummy-1.jpg\" \/>\n\t<meta property=\"og:image:width\" content=\"400\" \/>\n\t<meta property=\"og:image:height\" content=\"260\" \/>\n\t<meta property=\"og:image:type\" content=\"image\/jpeg\" \/>\n<meta name=\"twitter:card\" content=\"summary_large_image\" \/>\n<meta name=\"twitter:label1\" content=\"Tempo estimado de leitura\" \/>\n\t<meta name=\"twitter:data1\" content=\"8 minutos\" \/>\n<script type=\"application\/ld+json\" class=\"yoast-schema-graph\">{\"@context\":\"https:\/\/schema.org\",\"@graph\":[{\"@type\":\"WebPage\",\"@id\":\"https:\/\/ascension-program.com\/\",\"url\":\"https:\/\/ascension-program.com\/\",\"name\":\"Accueil - Ascension Program\",\"isPartOf\":{\"@id\":\"https:\/\/ascension-program.com\/#website\"},\"datePublished\":\"2016-02-18T15:10:52+00:00\",\"dateModified\":\"2025-12-08T07:13:23+00:00\",\"breadcrumb\":{\"@id\":\"https:\/\/ascension-program.com\/#breadcrumb\"},\"inLanguage\":\"pt-PT\",\"potentialAction\":[{\"@type\":\"ReadAction\",\"target\":[\"https:\/\/ascension-program.com\/\"]}]},{\"@type\":\"BreadcrumbList\",\"@id\":\"https:\/\/ascension-program.com\/#breadcrumb\",\"itemListElement\":[{\"@type\":\"ListItem\",\"position\":1,\"name\":\"Accueil\",\"item\":\"https:\/\/ascension-program.com\/\"},{\"@type\":\"ListItem\",\"position\":2,\"name\":\"Accueil\"}]},{\"@type\":\"WebSite\",\"@id\":\"https:\/\/ascension-program.com\/#website\",\"url\":\"https:\/\/ascension-program.com\/\",\"name\":\"Ascension Program\",\"description\":\"Your story, beautifully told - Created with WordPress managed by IONOS\",\"potentialAction\":[{\"@type\":\"SearchAction\",\"target\":{\"@type\":\"EntryPoint\",\"urlTemplate\":\"https:\/\/ascension-program.com\/?s={search_term_string}\"},\"query-input\":\"required name=search_term_string\"}],\"inLanguage\":\"pt-PT\"}]}<\/script>\n<!-- \/ Yoast SEO plugin. -->","yoast_head_json":{"title":"Accueil - Ascension Program","robots":{"index":"index","follow":"follow","max-snippet":"max-snippet:-1","max-image-preview":"max-image-preview:large","max-video-preview":"max-video-preview:-1"},"canonical":"https:\/\/ascension-program.com\/pt\/","og_locale":"pt_PT","og_type":"article","og_title":"Accueil - Ascension Program","og_url":"https:\/\/ascension-program.com\/pt\/","og_site_name":"Ascension Program","article_modified_time":"2025-12-08T07:13:23+00:00","og_image":[{"width":400,"height":260,"url":"https:\/\/ascension-program.com\/wp-content\/uploads\/2016\/08\/dummy-1.jpg","type":"image\/jpeg"}],"twitter_card":"summary_large_image","twitter_misc":{"Tempo estimado de leitura":"8 minutos"},"schema":{"@context":"https:\/\/schema.org","@graph":[{"@type":"WebPage","@id":"https:\/\/ascension-program.com\/","url":"https:\/\/ascension-program.com\/","name":"Accueil - Ascension Program","isPartOf":{"@id":"https:\/\/ascension-program.com\/#website"},"datePublished":"2016-02-18T15:10:52+00:00","dateModified":"2025-12-08T07:13:23+00:00","breadcrumb":{"@id":"https:\/\/ascension-program.com\/#breadcrumb"},"inLanguage":"pt-PT","potentialAction":[{"@type":"ReadAction","target":["https:\/\/ascension-program.com\/"]}]},{"@type":"BreadcrumbList","@id":"https:\/\/ascension-program.com\/#breadcrumb","itemListElement":[{"@type":"ListItem","position":1,"name":"Accueil","item":"https:\/\/ascension-program.com\/"},{"@type":"ListItem","position":2,"name":"Accueil"}]},{"@type":"WebSite","@id":"https:\/\/ascension-program.com\/#website","url":"https:\/\/ascension-program.com\/","name":"Ascension Program","description":"Your story, beautifully told - Created with WordPress managed by IONOS","potentialAction":[{"@type":"SearchAction","target":{"@type":"EntryPoint","urlTemplate":"https:\/\/ascension-program.com\/?s={search_term_string}"},"query-input":"required name=search_term_string"}],"inLanguage":"pt-PT"}]}},"_links":{"self":[{"href":"https:\/\/ascension-program.com\/pt\/wp-json\/wp\/v2\/pages\/55"}],"collection":[{"href":"https:\/\/ascension-program.com\/pt\/wp-json\/wp\/v2\/pages"}],"about":[{"href":"https:\/\/ascension-program.com\/pt\/wp-json\/wp\/v2\/types\/page"}],"author":[{"embeddable":true,"href":"https:\/\/ascension-program.com\/pt\/wp-json\/wp\/v2\/users\/1"}],"replies":[{"embeddable":true,"href":"https:\/\/ascension-program.com\/pt\/wp-json\/wp\/v2\/comments?post=55"}],"version-history":[{"count":575,"href":"https:\/\/ascension-program.com\/pt\/wp-json\/wp\/v2\/pages\/55\/revisions"}],"predecessor-version":[{"id":13394,"href":"https:\/\/ascension-program.com\/pt\/wp-json\/wp\/v2\/pages\/55\/revisions\/13394"}],"wp:featuredmedia":[{"embeddable":true,"href":"https:\/\/ascension-program.com\/pt\/wp-json\/wp\/v2\/media\/17"}],"wp:attachment":[{"href":"https:\/\/ascension-program.com\/pt\/wp-json\/wp\/v2\/media?parent=55"}],"curies":[{"name":"wp","href":"https:\/\/api.w.org\/{rel}","templated":true}]}}