{"id":6163,"date":"2023-01-01T14:55:19","date_gmt":"2023-01-01T14:55:19","guid":{"rendered":"https:\/\/ascension-program.com\/?page_id=6163"},"modified":"2025-02-25T08:16:58","modified_gmt":"2025-02-25T08:16:58","slug":"blog-par-categorie","status":"publish","type":"page","link":"https:\/\/ascension-program.com\/pt\/blog-par-categorie\/","title":{"rendered":"Blog Ascension Program"},"content":{"rendered":"<section class=\"section info-card-1\" id=\"section_1151013672\">\n\t\t<div class=\"bg section-bg fill bg-fill  bg-loaded\" >\n\n\t\t\t\n\t\t\t\n\t\t\t\n\n\t\t<\/div>\n\n\t\t\n\n\t\t<div class=\"section-content relative\">\n\t\t\t\n\n<div class=\"row\"  id=\"row-1138724929\">\n\n\n\t<div id=\"col-1927677103\" class=\"col small-12 large-12\"  >\n\t\t\t\t<div class=\"col-inner text-center\"  >\n\t\t\t\n\t\t\t\n\n<h1>Blog Marketing<\/h1>\n\n\n\t\t<\/div>\n\t\t\t\t\n<style>\n#col-1927677103 > .col-inner {\n  padding: 20px 0px 0px 0px;\n}\n<\/style>\n\t<\/div>\n\n\t\n\n<\/div>\n<div class=\"row row-small align-equal\"  id=\"row-1324658972\">\n\n\n\t<div id=\"col-2042509391\" class=\"col medium-4 small-12 large-4\"  >\n\t\t\t\t<div class=\"col-inner\"  >\n\t\t\t\n\t\t\t\n\n\t<div class=\"box has-hover   has-hover box-push box-text-bottom\" >\n\n\t\t<div class=\"box-image\" >\n\t\t\t<a href=\"#\"  >\t\t\t<div class=\"image-zoom image-cover\" style=\"padding-top:70%;\">\n\t\t\t\t<img width=\"1000\" height=\"625\" src=\"https:\/\/ascension-program.com\/wp-content\/uploads\/2023\/01\/blog-branding-design.jpg\" class=\"attachment- size-\" alt=\"blog-branding-design\" decoding=\"async\" loading=\"lazy\" srcset=\"https:\/\/ascension-program.com\/wp-content\/uploads\/2023\/01\/blog-branding-design.jpg 1000w, https:\/\/ascension-program.com\/wp-content\/uploads\/2023\/01\/blog-branding-design-640x400.jpg 640w, https:\/\/ascension-program.com\/wp-content\/uploads\/2023\/01\/blog-branding-design-768x480.jpg 768w, https:\/\/ascension-program.com\/wp-content\/uploads\/2023\/01\/blog-branding-design-600x375.jpg 600w\" sizes=\"(max-width: 1000px) 100vw, 1000px\" \/>\t\t\t\t\t\t\t\t\t\t\t<\/div>\n\t\t\t<\/a>\t\t<\/div>\n\n\t\t<div class=\"box-text text-center\" style=\"background-color:rgb(255, 255, 255);padding:20px 5% 20px 5%;\">\n\t\t\t<div class=\"box-text-inner\">\n\t\t\t\t\n\n\t<div id=\"text-2478219643\" class=\"text\">\n\t\t\n\n<h2>Personal Branding<\/h2>\n\t\t\n<style>\n#text-2478219643 {\n  font-size: 0.75rem;\n}\n<\/style>\n\t<\/div>\n\t\n<a href=\"https:\/\/ascension-program.com\/pt\/category\/branding-design\/\" target=\"_self\" class=\"button primary is-underline is-large lowercase\"  >\n    <span>Voir le Blog<\/span>\n  <\/a>\n\n\n\n\t\t\t<\/div>\n\t\t<\/div>\n\t<\/div>\n\t\n\t<div class=\"box has-hover   has-hover box-push box-text-bottom\" >\n\n\t\t<div class=\"box-image\" >\n\t\t\t<a href=\"#\"  >\t\t\t<div class=\"image-zoom image-cover\" style=\"padding-top:70%;\">\n\t\t\t\t<img width=\"2348\" height=\"1440\" src=\"https:\/\/ascension-program.com\/wp-content\/uploads\/2023\/01\/blog-dropshipping-e-commerce-1-scaled-e1673079011278.jpg\" class=\"attachment- size-\" alt=\"blog-dropshipping-e-commerce\" decoding=\"async\" loading=\"lazy\" srcset=\"https:\/\/ascension-program.com\/wp-content\/uploads\/2023\/01\/blog-dropshipping-e-commerce-1-scaled-e1673079011278.jpg 2348w, https:\/\/ascension-program.com\/wp-content\/uploads\/2023\/01\/blog-dropshipping-e-commerce-1-scaled-e1673079011278-652x400.jpg 652w, https:\/\/ascension-program.com\/wp-content\/uploads\/2023\/01\/blog-dropshipping-e-commerce-1-scaled-e1673079011278-1304x800.jpg 1304w, https:\/\/ascension-program.com\/wp-content\/uploads\/2023\/01\/blog-dropshipping-e-commerce-1-scaled-e1673079011278-768x471.jpg 768w, https:\/\/ascension-program.com\/wp-content\/uploads\/2023\/01\/blog-dropshipping-e-commerce-1-scaled-e1673079011278-1536x942.jpg 1536w, https:\/\/ascension-program.com\/wp-content\/uploads\/2023\/01\/blog-dropshipping-e-commerce-1-scaled-e1673079011278-2048x1256.jpg 2048w, https:\/\/ascension-program.com\/wp-content\/uploads\/2023\/01\/blog-dropshipping-e-commerce-1-scaled-e1673079011278-600x368.jpg 600w\" sizes=\"(max-width: 2348px) 100vw, 2348px\" \/>\t\t\t\t\t\t\t\t\t\t\t<\/div>\n\t\t\t<\/a>\t\t<\/div>\n\n\t\t<div class=\"box-text text-center\" style=\"background-color:rgb(255, 255, 255);padding:20px 5% 20px 5%;\">\n\t\t\t<div class=\"box-text-inner\">\n\t\t\t\t\n\n\t<div id=\"text-172514439\" class=\"text\">\n\t\t\n\n<h2>E-commerce<\/h2>\n\t\t\n<style>\n#text-172514439 {\n  font-size: 0.75rem;\n}\n<\/style>\n\t<\/div>\n\t\n<a href=\"https:\/\/ascension-program.com\/pt\/category\/ecommerce-dropshipping\/\" target=\"_self\" class=\"button primary is-underline is-large lowercase\"  >\n    <span>Voir le Blog<\/span>\n  <\/a>\n\n\n\n\t\t\t<\/div>\n\t\t<\/div>\n\t<\/div>\n\t\n\n\t\t<\/div>\n\t\t\t\t\t<\/div>\n\n\t\n\n\t<div id=\"col-636565711\" class=\"col medium-4 small-12 large-4\"  >\n\t\t\t\t<div class=\"col-inner\"  >\n\t\t\t\n\t\t\t\n\n\t<div class=\"box has-hover   has-hover box-push box-text-bottom\" >\n\n\t\t<div class=\"box-image\" >\n\t\t\t<a href=\"#\"  >\t\t\t<div class=\"image-zoom image-cover\" style=\"padding-top:70%;\">\n\t\t\t\t<img width=\"1000\" height=\"623\" src=\"https:\/\/ascension-program.com\/wp-content\/uploads\/2023\/01\/blog-referencement-naturel-seo.jpeg\" class=\"attachment- size-\" alt=\"blog-referencement-naturel-seo\" decoding=\"async\" loading=\"lazy\" srcset=\"https:\/\/ascension-program.com\/wp-content\/uploads\/2023\/01\/blog-referencement-naturel-seo.jpeg 1000w, https:\/\/ascension-program.com\/wp-content\/uploads\/2023\/01\/blog-referencement-naturel-seo-642x400.jpeg 642w, https:\/\/ascension-program.com\/wp-content\/uploads\/2023\/01\/blog-referencement-naturel-seo-768x478.jpeg 768w, https:\/\/ascension-program.com\/wp-content\/uploads\/2023\/01\/blog-referencement-naturel-seo-600x374.jpeg 600w\" sizes=\"(max-width: 1000px) 100vw, 1000px\" \/>\t\t\t\t\t\t\t\t\t\t\t<\/div>\n\t\t\t<\/a>\t\t<\/div>\n\n\t\t<div class=\"box-text text-center\" style=\"background-color:rgb(255, 255, 255);padding:20px 5% 20px 5%;\">\n\t\t\t<div class=\"box-text-inner\">\n\t\t\t\t\n\n\t<div id=\"text-3807479753\" class=\"text\">\n\t\t\n\n<h2>R\u00e9f\u00e9rencement Naturel SEO<\/h2>\n\t\t\n<style>\n#text-3807479753 {\n  font-size: 0.75rem;\n}\n<\/style>\n\t<\/div>\n\t\n<a href=\"https:\/\/ascension-program.com\/pt\/category\/referencement-naturel-seo\/\" target=\"_self\" class=\"button primary is-underline is-large lowercase\"  >\n    <span>Voir le Blog<\/span>\n  <\/a>\n\n\n\n\t\t\t<\/div>\n\t\t<\/div>\n\t<\/div>\n\t\n\t<div class=\"box has-hover   has-hover box-push box-text-bottom\" >\n\n\t\t<div class=\"box-image\" >\n\t\t\t<a href=\"#\"  >\t\t\t<div class=\"image-zoom image-cover\" style=\"padding-top:70%;\">\n\t\t\t\t<img width=\"1000\" height=\"667\" src=\"https:\/\/ascension-program.com\/wp-content\/uploads\/2023\/01\/blog-youtube.jpg\" class=\"attachment- size-\" alt=\"blog-youtube\" decoding=\"async\" loading=\"lazy\" srcset=\"https:\/\/ascension-program.com\/wp-content\/uploads\/2023\/01\/blog-youtube.jpg 1000w, https:\/\/ascension-program.com\/wp-content\/uploads\/2023\/01\/blog-youtube-600x400.jpg 600w, https:\/\/ascension-program.com\/wp-content\/uploads\/2023\/01\/blog-youtube-768x512.jpg 768w\" sizes=\"(max-width: 1000px) 100vw, 1000px\" \/>\t\t\t\t\t\t\t\t\t\t\t<\/div>\n\t\t\t<\/a>\t\t<\/div>\n\n\t\t<div class=\"box-text text-center\" style=\"background-color:rgb(255, 255, 255);padding:20px 5% 20px 5%;\">\n\t\t\t<div class=\"box-text-inner\">\n\t\t\t\t\n\n\t<div id=\"text-1374657097\" class=\"text\">\n\t\t\n\n<h2>YouTube<\/h2>\n\t\t\n<style>\n#text-1374657097 {\n  font-size: 0.75rem;\n}\n<\/style>\n\t<\/div>\n\t\n<a href=\"https:\/\/ascension-program.com\/pt\/category\/youtube\/\" target=\"_self\" class=\"button primary is-underline is-large lowercase\"  >\n    <span>Voir le Blog<\/span>\n  <\/a>\n\n\n\n\t\t\t<\/div>\n\t\t<\/div>\n\t<\/div>\n\t\n\n\t\t<\/div>\n\t\t\t\t\t<\/div>\n\n\t\n\n\t<div id=\"col-840708313\" class=\"col medium-4 small-12 large-4\"  >\n\t\t\t\t<div class=\"col-inner\"  >\n\t\t\t\n\t\t\t\n\n\t<div class=\"box has-hover   has-hover box-push box-text-bottom\" >\n\n\t\t<div class=\"box-image\" >\n\t\t\t<a href=\"#\"  >\t\t\t<div class=\"image-zoom image-cover\" style=\"padding-top:70%;\">\n\t\t\t\t<img width=\"2355\" height=\"1440\" src=\"https:\/\/ascension-program.com\/wp-content\/uploads\/2023\/01\/blog-google-ads-1-scaled-e1672586476609.jpg\" class=\"attachment- size-\" alt=\"blog-google-ads\" decoding=\"async\" loading=\"lazy\" srcset=\"https:\/\/ascension-program.com\/wp-content\/uploads\/2023\/01\/blog-google-ads-1-scaled-e1672586476609.jpg 2355w, https:\/\/ascension-program.com\/wp-content\/uploads\/2023\/01\/blog-google-ads-1-scaled-e1672586476609-654x400.jpg 654w, https:\/\/ascension-program.com\/wp-content\/uploads\/2023\/01\/blog-google-ads-1-scaled-e1672586476609-1308x800.jpg 1308w, https:\/\/ascension-program.com\/wp-content\/uploads\/2023\/01\/blog-google-ads-1-scaled-e1672586476609-768x470.jpg 768w, https:\/\/ascension-program.com\/wp-content\/uploads\/2023\/01\/blog-google-ads-1-scaled-e1672586476609-1536x939.jpg 1536w, https:\/\/ascension-program.com\/wp-content\/uploads\/2023\/01\/blog-google-ads-1-scaled-e1672586476609-2048x1252.jpg 2048w, https:\/\/ascension-program.com\/wp-content\/uploads\/2023\/01\/blog-google-ads-1-scaled-e1672586476609-600x367.jpg 600w\" sizes=\"(max-width: 2355px) 100vw, 2355px\" \/>\t\t\t\t\t\t\t\t\t\t\t<\/div>\n\t\t\t<\/a>\t\t<\/div>\n\n\t\t<div class=\"box-text text-center\" style=\"background-color:rgb(255, 255, 255);padding:20px 5% 20px 5%;\">\n\t\t\t<div class=\"box-text-inner\">\n\t\t\t\t\n\n\t<div id=\"text-1577900705\" class=\"text\">\n\t\t\n\n<h2>Google Ads<\/h2>\n\t\t\n<style>\n#text-1577900705 {\n  font-size: 0.75rem;\n}\n<\/style>\n\t<\/div>\n\t\n<a href=\"https:\/\/ascension-program.com\/pt\/category\/google-ads\/\" target=\"_self\" class=\"button primary is-underline is-large lowercase\"  >\n    <span>Voir le Blog<\/span>\n  <\/a>\n\n\n\n\t\t\t<\/div>\n\t\t<\/div>\n\t<\/div>\n\t\n\t<div class=\"box has-hover   has-hover box-push box-text-bottom\" >\n\n\t\t<div class=\"box-image\" >\n\t\t\t<a href=\"#\"  >\t\t\t<div class=\"image-zoom image-cover\" style=\"padding-top:70%;\">\n\t\t\t\t<img width=\"1000\" height=\"665\" src=\"https:\/\/ascension-program.com\/wp-content\/uploads\/2023\/05\/Teletravai-Lifestyle-e1720671909832.jpeg\" class=\"attachment- size-\" alt=\"Teletravai\" decoding=\"async\" loading=\"lazy\" srcset=\"https:\/\/ascension-program.com\/wp-content\/uploads\/2023\/05\/Teletravai-Lifestyle-e1720671909832.jpeg 1000w, https:\/\/ascension-program.com\/wp-content\/uploads\/2023\/05\/Teletravai-Lifestyle-e1720671909832-602x400.jpeg 602w, https:\/\/ascension-program.com\/wp-content\/uploads\/2023\/05\/Teletravai-Lifestyle-e1720671909832-768x511.jpeg 768w, https:\/\/ascension-program.com\/wp-content\/uploads\/2023\/05\/Teletravai-Lifestyle-e1720671909832-600x399.jpeg 600w\" sizes=\"(max-width: 1000px) 100vw, 1000px\" \/>\t\t\t\t\t\t\t\t\t\t\t<\/div>\n\t\t\t<\/a>\t\t<\/div>\n\n\t\t<div class=\"box-text text-center\" style=\"background-color:rgb(255, 255, 255);padding:20px 5% 20px 5%;\">\n\t\t\t<div class=\"box-text-inner\">\n\t\t\t\t\n\n\t<div id=\"text-2672723159\" class=\"text\">\n\t\t\n\n<h2>T\u00e9l\u00e9travail et Expatriation<\/h2>\n\t\t\n<style>\n#text-2672723159 {\n  font-size: 0.75rem;\n}\n<\/style>\n\t<\/div>\n\t\n<a href=\"https:\/\/ascension-program.com\/pt\/category\/teletravail-expatriation\/\" target=\"_self\" class=\"button primary is-underline is-large lowercase\"  >\n    <span>Voir le Blog<\/span>\n  <\/a>\n\n\n\n\t\t\t<\/div>\n\t\t<\/div>\n\t<\/div>\n\t\n\n\t\t<\/div>\n\t\t\t\t\t<\/div>\n\n\t\n\n\t<div id=\"col-1100898790\" class=\"col medium-4 small-12 large-4\"  >\n\t\t\t\t<div class=\"col-inner\"  >\n\t\t\t\n\t\t\t\n\n\t<div class=\"box has-hover   has-hover box-push box-text-bottom\" >\n\n\t\t<div class=\"box-image\" >\n\t\t\t<a href=\"#\"  >\t\t\t<div class=\"image-zoom image-cover\" style=\"padding-top:70%;\">\n\t\t\t\t<img width=\"1000\" height=\"426\" src=\"https:\/\/ascension-program.com\/wp-content\/uploads\/2023\/03\/WhatsApp-Image-2023-02-19-at-14.00.27.jpeg\" class=\"attachment- size-\" alt=\"blog-productivite-teletravail\" decoding=\"async\" loading=\"lazy\" srcset=\"https:\/\/ascension-program.com\/wp-content\/uploads\/2023\/03\/WhatsApp-Image-2023-02-19-at-14.00.27.jpeg 1000w, https:\/\/ascension-program.com\/wp-content\/uploads\/2023\/03\/WhatsApp-Image-2023-02-19-at-14.00.27-800x341.jpeg 800w, https:\/\/ascension-program.com\/wp-content\/uploads\/2023\/03\/WhatsApp-Image-2023-02-19-at-14.00.27-768x327.jpeg 768w, https:\/\/ascension-program.com\/wp-content\/uploads\/2023\/03\/WhatsApp-Image-2023-02-19-at-14.00.27-600x256.jpeg 600w\" sizes=\"(max-width: 1000px) 100vw, 1000px\" \/>\t\t\t\t\t\t\t\t\t\t\t<\/div>\n\t\t\t<\/a>\t\t<\/div>\n\n\t\t<div class=\"box-text text-center\" style=\"background-color:rgb(255, 255, 255);padding:20px 5% 20px 5%;\">\n\t\t\t<div class=\"box-text-inner\">\n\t\t\t\t\n\n\t<div id=\"text-630028756\" class=\"text\">\n\t\t\n\n<h2>Productivit\u00e9 T\u00e9l\u00e9travail<\/h2>\n\t\t\n<style>\n#text-630028756 {\n  font-size: 0.75rem;\n}\n<\/style>\n\t<\/div>\n\t\n<a href=\"https:\/\/ascension-program.com\/pt\/category\/productivite-teletravail\/\" target=\"_self\" class=\"button primary is-underline is-large lowercase\"  >\n    <span>Voir le Blog<\/span>\n  <\/a>\n\n\n\n\t\t\t<\/div>\n\t\t<\/div>\n\t<\/div>\n\t\n\n\t\t<\/div>\n\t\t\t\t\t<\/div>\n\n\t\n\n\t<div id=\"col-640088669\" class=\"col medium-4 small-12 large-4\"  >\n\t\t\t\t<div class=\"col-inner\"  >\n\t\t\t\n\t\t\t\n\n\t<div class=\"box has-hover   has-hover box-push box-text-bottom\" >\n\n\t\t<div class=\"box-image\" >\n\t\t\t<a href=\"#\"  >\t\t\t<div class=\"image-zoom image-cover\" style=\"padding-top:70%;\">\n\t\t\t\t<img width=\"1000\" height=\"637\" src=\"https:\/\/ascension-program.com\/wp-content\/uploads\/2023\/06\/avis-formation-en-ligne.jpeg\" class=\"attachment- size-\" alt=\"avis-formation-en-ligne\" decoding=\"async\" loading=\"lazy\" srcset=\"https:\/\/ascension-program.com\/wp-content\/uploads\/2023\/06\/avis-formation-en-ligne.jpeg 1000w, https:\/\/ascension-program.com\/wp-content\/uploads\/2023\/06\/avis-formation-en-ligne-628x400.jpeg 628w, https:\/\/ascension-program.com\/wp-content\/uploads\/2023\/06\/avis-formation-en-ligne-768x489.jpeg 768w, https:\/\/ascension-program.com\/wp-content\/uploads\/2023\/06\/avis-formation-en-ligne-600x382.jpeg 600w\" sizes=\"(max-width: 1000px) 100vw, 1000px\" \/>\t\t\t\t\t\t\t\t\t\t\t<\/div>\n\t\t\t<\/a>\t\t<\/div>\n\n\t\t<div class=\"box-text text-center\" style=\"background-color:rgb(255, 255, 255);padding:20px 5% 20px 5%;\">\n\t\t\t<div class=\"box-text-inner\">\n\t\t\t\t\n\n\t<div id=\"text-1694572707\" class=\"text\">\n\t\t\n\n<h2>Avis Formations<\/h2>\n\t\t\n<style>\n#text-1694572707 {\n  font-size: 0.75rem;\n}\n<\/style>\n\t<\/div>\n\t\n<a href=\"https:\/\/ascension-program.com\/pt\/category\/avis-formation-en-ligne\/\" target=\"_self\" class=\"button primary is-underline is-large lowercase\"  >\n    <span>Voir le Blog<\/span>\n  <\/a>\n\n\n\n\t\t\t<\/div>\n\t\t<\/div>\n\t<\/div>\n\t\n\n\t\t<\/div>\n\t\t\t\t\t<\/div>\n\n\t\n\n\t<div id=\"col-1905831307\" class=\"col medium-4 small-12 large-4\"  >\n\t\t\t\t<div class=\"col-inner\"  >\n\t\t\t\n\t\t\t\n\n\t<div class=\"box has-hover   has-hover box-push box-text-bottom\" >\n\n\t\t<div class=\"box-image\" >\n\t\t\t<a href=\"#\"  >\t\t\t<div class=\"image-zoom image-cover\" style=\"padding-top:70%;\">\n\t\t\t\t<img width=\"1000\" height=\"683\" src=\"https:\/\/ascension-program.com\/wp-content\/uploads\/2023\/06\/meilleure-plateforme-blog.jpg\" class=\"attachment- size-\" alt=\"meilleure-plateforme-blog\" decoding=\"async\" loading=\"lazy\" srcset=\"https:\/\/ascension-program.com\/wp-content\/uploads\/2023\/06\/meilleure-plateforme-blog.jpg 1000w, https:\/\/ascension-program.com\/wp-content\/uploads\/2023\/06\/meilleure-plateforme-blog-586x400.jpg 586w, https:\/\/ascension-program.com\/wp-content\/uploads\/2023\/06\/meilleure-plateforme-blog-768x525.jpg 768w, https:\/\/ascension-program.com\/wp-content\/uploads\/2023\/06\/meilleure-plateforme-blog-600x410.jpg 600w\" sizes=\"(max-width: 1000px) 100vw, 1000px\" \/>\t\t\t\t\t\t\t\t\t\t\t<\/div>\n\t\t\t<\/a>\t\t<\/div>\n\n\t\t<div class=\"box-text text-center\" style=\"background-color:rgb(255, 255, 255);padding:20px 5% 20px 5%;\">\n\t\t\t<div class=\"box-text-inner\">\n\t\t\t\t\n\n\t<div id=\"text-2845056083\" class=\"text\">\n\t\t\n\n<h2>Avis Outils et Plateformes Digitaux<\/h2>\n\t\t\n<style>\n#text-2845056083 {\n  font-size: 0.75rem;\n}\n<\/style>\n\t<\/div>\n\t\n<a href=\"https:\/\/ascension-program.com\/pt\/category\/avis-outils-et-plateformes-digitaux\/\" target=\"_self\" class=\"button primary is-underline is-large lowercase\"  >\n    <span>Voir le Blog<\/span>\n  <\/a>\n\n\n\n\t\t\t<\/div>\n\t\t<\/div>\n\t<\/div>\n\t\n\n\t\t<\/div>\n\t\t\t\t\t<\/div>\n\n\t\n\n\n<style>\n#row-1324658972 > .col > .col-inner {\n  background-color: rgb(255,255,255);\n}\n<\/style>\n<\/div>\n\n\t\t<\/div>\n\n\t\t\n<style>\n#section_1151013672 {\n  padding-top: 0px;\n  padding-bottom: 0px;\n}\n#section_1151013672 .ux-shape-divider--top svg {\n  height: 150px;\n  --divider-top-width: 100%;\n}\n#section_1151013672 .ux-shape-divider--bottom svg {\n  height: 150px;\n  --divider-width: 100%;\n}\n<\/style>\n\t<\/section>","protected":false},"excerpt":{"rendered":"","protected":false},"author":1,"featured_media":0,"parent":0,"menu_order":0,"comment_status":"closed","ping_status":"closed","template":"","meta":[],"yoast_head":"<!-- This site is optimized with the Yoast SEO plugin v20.1 - https:\/\/yoast.com\/wordpress\/plugins\/seo\/ -->\n<title>Blog : E-Commerce, Dropshipping, SEO, Google Ads | Ascension Program<\/title>\n<meta name=\"description\" content=\"Bienvenue sur le Blog Ascension Program. D\u00e9couvrez sur notre Blog plein de sujets d&#039;articles sur le business en ligne : E-Commerce, Dropshipping, SEO et plein d&#039;autres !\" \/>\n<meta name=\"robots\" content=\"index, follow, max-snippet:-1, max-image-preview:large, max-video-preview:-1\" \/>\n<link rel=\"canonical\" href=\"https:\/\/ascension-program.com\/pt\/blog-par-categorie\/\" \/>\n<meta property=\"og:locale\" content=\"pt_PT\" \/>\n<meta property=\"og:type\" content=\"article\" \/>\n<meta property=\"og:title\" content=\"Blog : E-Commerce, Dropshipping, SEO, Google Ads | Ascension Program\" \/>\n<meta property=\"og:description\" content=\"Bienvenue sur le Blog Ascension Program. D\u00e9couvrez sur notre Blog plein de sujets d&#039;articles sur le business en ligne : E-Commerce, Dropshipping, SEO et plein d&#039;autres !\" \/>\n<meta property=\"og:url\" content=\"https:\/\/ascension-program.com\/pt\/blog-par-categorie\/\" \/>\n<meta property=\"og:site_name\" content=\"Ascension Program\" \/>\n<meta property=\"article:modified_time\" content=\"2025-02-25T08:16:58+00:00\" \/>\n<meta name=\"twitter:card\" content=\"summary_large_image\" \/>\n<meta name=\"twitter:label1\" content=\"Tempo estimado de leitura\" \/>\n\t<meta name=\"twitter:data1\" content=\"2 minutos\" \/>\n<script type=\"application\/ld+json\" class=\"yoast-schema-graph\">{\"@context\":\"https:\/\/schema.org\",\"@graph\":[{\"@type\":\"WebPage\",\"@id\":\"https:\/\/ascension-program.com\/blog-par-categorie\/\",\"url\":\"https:\/\/ascension-program.com\/blog-par-categorie\/\",\"name\":\"Blog : E-Commerce, Dropshipping, SEO, Google Ads | Ascension Program\",\"isPartOf\":{\"@id\":\"https:\/\/ascension-program.com\/#website\"},\"datePublished\":\"2023-01-01T14:55:19+00:00\",\"dateModified\":\"2025-02-25T08:16:58+00:00\",\"description\":\"Bienvenue sur le Blog Ascension Program. D\u00e9couvrez sur notre Blog plein de sujets d'articles sur le business en ligne : E-Commerce, Dropshipping, SEO et plein d'autres !\",\"breadcrumb\":{\"@id\":\"https:\/\/ascension-program.com\/blog-par-categorie\/#breadcrumb\"},\"inLanguage\":\"pt-PT\",\"potentialAction\":[{\"@type\":\"ReadAction\",\"target\":[\"https:\/\/ascension-program.com\/blog-par-categorie\/\"]}]},{\"@type\":\"BreadcrumbList\",\"@id\":\"https:\/\/ascension-program.com\/blog-par-categorie\/#breadcrumb\",\"itemListElement\":[{\"@type\":\"ListItem\",\"position\":1,\"name\":\"Accueil\",\"item\":\"https:\/\/ascension-program.com\/\"},{\"@type\":\"ListItem\",\"position\":2,\"name\":\"Blog Ascension Program\"}]},{\"@type\":\"WebSite\",\"@id\":\"https:\/\/ascension-program.com\/#website\",\"url\":\"https:\/\/ascension-program.com\/\",\"name\":\"Ascension Program\",\"description\":\"Your story, beautifully told - Created with WordPress managed by IONOS\",\"potentialAction\":[{\"@type\":\"SearchAction\",\"target\":{\"@type\":\"EntryPoint\",\"urlTemplate\":\"https:\/\/ascension-program.com\/?s={search_term_string}\"},\"query-input\":\"required name=search_term_string\"}],\"inLanguage\":\"pt-PT\"}]}<\/script>\n<!-- \/ Yoast SEO plugin. -->","yoast_head_json":{"title":"Blog : E-Commerce, Dropshipping, SEO, Google Ads | Ascension Program","description":"Bienvenue sur le Blog Ascension Program. D\u00e9couvrez sur notre Blog plein de sujets d'articles sur le business en ligne : E-Commerce, Dropshipping, SEO et plein d'autres !","robots":{"index":"index","follow":"follow","max-snippet":"max-snippet:-1","max-image-preview":"max-image-preview:large","max-video-preview":"max-video-preview:-1"},"canonical":"https:\/\/ascension-program.com\/pt\/blog-par-categorie\/","og_locale":"pt_PT","og_type":"article","og_title":"Blog : E-Commerce, Dropshipping, SEO, Google Ads | Ascension Program","og_description":"Bienvenue sur le Blog Ascension Program. D\u00e9couvrez sur notre Blog plein de sujets d'articles sur le business en ligne : E-Commerce, Dropshipping, SEO et plein d'autres !","og_url":"https:\/\/ascension-program.com\/pt\/blog-par-categorie\/","og_site_name":"Ascension Program","article_modified_time":"2025-02-25T08:16:58+00:00","twitter_card":"summary_large_image","twitter_misc":{"Tempo estimado de leitura":"2 minutos"},"schema":{"@context":"https:\/\/schema.org","@graph":[{"@type":"WebPage","@id":"https:\/\/ascension-program.com\/blog-par-categorie\/","url":"https:\/\/ascension-program.com\/blog-par-categorie\/","name":"Blog : E-Commerce, Dropshipping, SEO, Google Ads | Ascension Program","isPartOf":{"@id":"https:\/\/ascension-program.com\/#website"},"datePublished":"2023-01-01T14:55:19+00:00","dateModified":"2025-02-25T08:16:58+00:00","description":"Bienvenue sur le Blog Ascension Program. D\u00e9couvrez sur notre Blog plein de sujets d'articles sur le business en ligne : E-Commerce, Dropshipping, SEO et plein d'autres !","breadcrumb":{"@id":"https:\/\/ascension-program.com\/blog-par-categorie\/#breadcrumb"},"inLanguage":"pt-PT","potentialAction":[{"@type":"ReadAction","target":["https:\/\/ascension-program.com\/blog-par-categorie\/"]}]},{"@type":"BreadcrumbList","@id":"https:\/\/ascension-program.com\/blog-par-categorie\/#breadcrumb","itemListElement":[{"@type":"ListItem","position":1,"name":"Accueil","item":"https:\/\/ascension-program.com\/"},{"@type":"ListItem","position":2,"name":"Blog Ascension Program"}]},{"@type":"WebSite","@id":"https:\/\/ascension-program.com\/#website","url":"https:\/\/ascension-program.com\/","name":"Ascension Program","description":"Your story, beautifully told - Created with WordPress managed by IONOS","potentialAction":[{"@type":"SearchAction","target":{"@type":"EntryPoint","urlTemplate":"https:\/\/ascension-program.com\/?s={search_term_string}"},"query-input":"required name=search_term_string"}],"inLanguage":"pt-PT"}]}},"_links":{"self":[{"href":"https:\/\/ascension-program.com\/pt\/wp-json\/wp\/v2\/pages\/6163"}],"collection":[{"href":"https:\/\/ascension-program.com\/pt\/wp-json\/wp\/v2\/pages"}],"about":[{"href":"https:\/\/ascension-program.com\/pt\/wp-json\/wp\/v2\/types\/page"}],"author":[{"embeddable":true,"href":"https:\/\/ascension-program.com\/pt\/wp-json\/wp\/v2\/users\/1"}],"replies":[{"embeddable":true,"href":"https:\/\/ascension-program.com\/pt\/wp-json\/wp\/v2\/comments?post=6163"}],"version-history":[{"count":32,"href":"https:\/\/ascension-program.com\/pt\/wp-json\/wp\/v2\/pages\/6163\/revisions"}],"predecessor-version":[{"id":12457,"href":"https:\/\/ascension-program.com\/pt\/wp-json\/wp\/v2\/pages\/6163\/revisions\/12457"}],"wp:attachment":[{"href":"https:\/\/ascension-program.com\/pt\/wp-json\/wp\/v2\/media?parent=6163"}],"curies":[{"name":"wp","href":"https:\/\/api.w.org\/{rel}","templated":true}]}}